{"id":28674,"date":"2025-01-28T15:56:03","date_gmt":"2025-01-28T13:56:03","guid":{"rendered":"https:\/\/fifaa.ee\/?post_type=product&#038;p=28674"},"modified":"2026-04-01T15:57:01","modified_gmt":"2026-04-01T12:57:01","slug":"drivegrip-rcs-taaskasutatud-plastist-universaalne-magnetiline-autohoidik","status":"publish","type":"product","link":"https:\/\/fifaa.ee\/en\/product\/drivegrip-rcs-taaskasutatud-plastist-universaalne-magnetiline-autohoidik\/","title":{"rendered":"DriveGrip RCS recycled plastic universal magnetic car holder"},"content":{"rendered":"<p>Upgrade your car interior with a stable and secure phone car holder. Designed to fit all car types, even the latest electric models, it offers flexibility for different installation scenarios and is compatible with phone models that support magnetic mounting. Thanks to its strong magnetic attraction, it ensures a secure hold on any road surface. It offers 360-degree mounting of your phone. Made from recycled TPU, recycled aluminum and recycled ABS. Total recycled content: 85% of the total weight of the item. RCS certification ensures a fully certified supply chain of recycled materials. Packed in FSC\u00ae mixed packaging. PVC free.<\/p>","protected":false},"excerpt":{"rendered":"<p>Uuendage oma auto interj\u00f6\u00f6ri stabiilse ja turvalise telefoniautohoidiku abil. See on loodud sobima k\u00f5ikidele autot\u00fc\u00fcpidele, isegi uusimatele elektrimudelitele, pakub paindlikkust erinevate paigaldusstsenaariumide jaoks ja \u00fchildub magnetkinnitust toetavate telefonimudelitega. T\u00e4nu tugevale magnetilisele k\u00fclget\u00f5mbej\u00f5ule tagab see kindla pidamise igal teepinnal. See pakub telefoni 360 kraadi paigaldust. Valmistatud taaskasutatud TPU-st, ringlussev\u00f5etud alumiiniumist ja taaskasutatud ABS-ist. Taaskasutatud kogusisaldus: 85% [&hellip;]<\/p>\n","protected":false},"featured_media":28689,"template":"","meta":{"_acf_changed":false},"product_brand":[],"product_cat":[624,584],"product_tag":[],"class_list":{"0":"post-28674","1":"product","2":"type-product","3":"status-publish","4":"has-post-thumbnail","6":"product_cat-auto-ja-jalgratta-tarvikud","7":"product_cat-autotarvikud","8":"pa_varv-must","10":"first","11":"instock","12":"taxable","13":"shipping-taxable","14":"purchasable","15":"product-type-variable","16":"has-default-attributes"},"acf":[],"_links":{"self":[{"href":"https:\/\/fifaa.ee\/en\/wp-json\/wp\/v2\/product\/28674","targetHints":{"allow":["GET"]}}],"collection":[{"href":"https:\/\/fifaa.ee\/en\/wp-json\/wp\/v2\/product"}],"about":[{"href":"https:\/\/fifaa.ee\/en\/wp-json\/wp\/v2\/types\/product"}],"wp:featuredmedia":[{"embeddable":true,"href":"https:\/\/fifaa.ee\/en\/wp-json\/wp\/v2\/media\/28689"}],"wp:attachment":[{"href":"https:\/\/fifaa.ee\/en\/wp-json\/wp\/v2\/media?parent=28674"}],"wp:term":[{"taxonomy":"product_brand","embeddable":true,"href":"https:\/\/fifaa.ee\/en\/wp-json\/wp\/v2\/product_brand?post=28674"},{"taxonomy":"product_cat","embeddable":true,"href":"https:\/\/fifaa.ee\/en\/wp-json\/wp\/v2\/product_cat?post=28674"},{"taxonomy":"product_tag","embeddable":true,"href":"https:\/\/fifaa.ee\/en\/wp-json\/wp\/v2\/product_tag?post=28674"}],"curies":[{"name":"wp","href":"https:\/\/api.w.org\/{rel}","templated":true}]}}