{"id":28675,"date":"2025-01-28T15:56:03","date_gmt":"2025-01-28T13:56:03","guid":{"rendered":"https:\/\/fifaa.ee\/?post_type=product&#038;p=28675"},"modified":"2026-04-01T15:57:01","modified_gmt":"2026-04-01T12:57:01","slug":"volty-aware-rpet-ev-kaabli-hoiukott","status":"publish","type":"product","link":"https:\/\/fifaa.ee\/en\/product\/volty-aware-rpet-ev-kaabli-hoiukott\/","title":{"rendered":"Volty Aware\u2122 RPET EV-cable storage bag"},"content":{"rendered":"<p>A premium charging cable bag that fits all EV charging cables and is used to store your charging cable to keep the interior of your electric vehicle clean. The bag can hold cables up to 7.5 meters long and weighing up to 5 kg. Made from extra strong 1200D recycled PET with the AWARE\u2122 logo. 2% of the proceeds from every Aware\u2122 product sold is donated to Water.org. PVC free. The bag is 38cm in diameter<\/p>","protected":false},"excerpt":{"rendered":"<p>Esmaklassiline laadimiskaabli kott, mis sobib k\u00f5ikidele EV laadimiskaablitele ja mida kasutatakse teie laadimiskaabli hoiustamiseks, et elektris\u00f5iduki sisemus j\u00e4\u00e4ks puhas. Kott mahutab kuni 7,5 meetri pikkuseid ja kuni 5 kg kaaluvaid kaableid. Valmistatud eriti tugevast 1200D taaskasutatud PET-ist, millele on lisatud AWARE\u2122 m\u00e4rgistus. 2% iga m\u00fc\u00fcdud Aware\u2122-i toote tulust annetatakse veebisaidile Water.org. PVC vaba.Koti l\u00e4bim\u00f5\u00f5t on [&hellip;]<\/p>\n","protected":false},"featured_media":28691,"template":"","meta":{"_acf_changed":false},"product_brand":[],"product_cat":[624,584],"product_tag":[],"class_list":{"0":"post-28675","1":"product","2":"type-product","3":"status-publish","4":"has-post-thumbnail","6":"product_cat-auto-ja-jalgratta-tarvikud","7":"product_cat-autotarvikud","8":"pa_varv-must","10":"first","11":"instock","12":"taxable","13":"shipping-taxable","14":"purchasable","15":"product-type-variable","16":"has-default-attributes"},"acf":[],"_links":{"self":[{"href":"https:\/\/fifaa.ee\/en\/wp-json\/wp\/v2\/product\/28675","targetHints":{"allow":["GET"]}}],"collection":[{"href":"https:\/\/fifaa.ee\/en\/wp-json\/wp\/v2\/product"}],"about":[{"href":"https:\/\/fifaa.ee\/en\/wp-json\/wp\/v2\/types\/product"}],"wp:featuredmedia":[{"embeddable":true,"href":"https:\/\/fifaa.ee\/en\/wp-json\/wp\/v2\/media\/28691"}],"wp:attachment":[{"href":"https:\/\/fifaa.ee\/en\/wp-json\/wp\/v2\/media?parent=28675"}],"wp:term":[{"taxonomy":"product_brand","embeddable":true,"href":"https:\/\/fifaa.ee\/en\/wp-json\/wp\/v2\/product_brand?post=28675"},{"taxonomy":"product_cat","embeddable":true,"href":"https:\/\/fifaa.ee\/en\/wp-json\/wp\/v2\/product_cat?post=28675"},{"taxonomy":"product_tag","embeddable":true,"href":"https:\/\/fifaa.ee\/en\/wp-json\/wp\/v2\/product_tag?post=28675"}],"curies":[{"name":"wp","href":"https:\/\/api.w.org\/{rel}","templated":true}]}}