{"id":28677,"date":"2025-01-28T15:56:03","date_gmt":"2025-01-28T13:56:03","guid":{"rendered":"https:\/\/fifaa.ee\/?post_type=product&#038;p=28677"},"modified":"2026-04-01T15:57:01","modified_gmt":"2026-04-01T12:57:01","slug":"grs-taaskasutatud-pet-hasti-nahtav-turvavest-7-12-aastat","status":"publish","type":"product","link":"https:\/\/fifaa.ee\/en\/product\/grs-taaskasutatud-pet-hasti-nahtav-turvavest-7-12-aastat\/","title":{"rendered":"GRS recycled PET high-visibility safety vest 7-12 years"},"content":{"rendered":"<p>High visibility vest in size S, designed for children aged 7-12 years, suitable for those between 90-155 cm tall. This vest offers plenty of space for decoration on both the front and back. It is equipped with hook and loop fasteners on the shoulders and lower part, providing additional security and making it easy to put on the vest without effort. Opposite elastic bands ensure stretchability, allowing for comfortable wearing even over bulky coats. This vest has been tested and complies with EN 17353:2020 type AB3. It also complies with the PPE guidelines set out in Regulation (EU) 2016\/425 on Category II PPE. Made from GRS-certified recycled PET. Total recycled content: 58% of the total weight of the item. GRS certification ensures a fully certified supply chain of recycled materials.<\/p>","protected":false},"excerpt":{"rendered":"<p>S-suuruses h\u00e4sti n\u00e4htav vest, mis on m\u00f5eldud lastele vanuses 7-12 aastat, sobib neile, kelle pikkus on vahemikus 90-155 cm. See vest pakub kaunistuseks rohkelt pinda nii esi- kui ka tagak\u00fcljel. See on varustatud konksu ja aasa sulguritega \u00f5lgadel ja alaosas, pakkudes t\u00e4iendavat turvalisust ja h\u00f5lbustades pingutusteta vesti selga panemist. Vastasolevad elastsed ribad tagavad venitavuse, v\u00f5imaldades [&hellip;]<\/p>\n","protected":false},"featured_media":28695,"template":"","meta":{"_acf_changed":false},"product_brand":[],"product_cat":[624,632],"product_tag":[],"class_list":{"0":"post-28677","1":"product","2":"type-product","3":"status-publish","4":"has-post-thumbnail","6":"product_cat-auto-ja-jalgratta-tarvikud","7":"product_cat-ohutusvestid","8":"pa_varv-kollane","10":"first","11":"instock","12":"taxable","13":"shipping-taxable","14":"purchasable","15":"product-type-variable","16":"has-default-attributes"},"acf":[],"_links":{"self":[{"href":"https:\/\/fifaa.ee\/en\/wp-json\/wp\/v2\/product\/28677","targetHints":{"allow":["GET"]}}],"collection":[{"href":"https:\/\/fifaa.ee\/en\/wp-json\/wp\/v2\/product"}],"about":[{"href":"https:\/\/fifaa.ee\/en\/wp-json\/wp\/v2\/types\/product"}],"wp:featuredmedia":[{"embeddable":true,"href":"https:\/\/fifaa.ee\/en\/wp-json\/wp\/v2\/media\/28695"}],"wp:attachment":[{"href":"https:\/\/fifaa.ee\/en\/wp-json\/wp\/v2\/media?parent=28677"}],"wp:term":[{"taxonomy":"product_brand","embeddable":true,"href":"https:\/\/fifaa.ee\/en\/wp-json\/wp\/v2\/product_brand?post=28677"},{"taxonomy":"product_cat","embeddable":true,"href":"https:\/\/fifaa.ee\/en\/wp-json\/wp\/v2\/product_cat?post=28677"},{"taxonomy":"product_tag","embeddable":true,"href":"https:\/\/fifaa.ee\/en\/wp-json\/wp\/v2\/product_tag?post=28677"}],"curies":[{"name":"wp","href":"https:\/\/api.w.org\/{rel}","templated":true}]}}