{"id":28678,"date":"2025-01-28T15:56:03","date_gmt":"2025-01-28T13:56:03","guid":{"rendered":"https:\/\/fifaa.ee\/?post_type=product&#038;p=28678"},"modified":"2026-04-01T15:57:01","modified_gmt":"2026-04-01T12:57:01","slug":"grs-taaskasutatud-pet-hasti-nahtav-turvavest","status":"publish","type":"product","link":"https:\/\/fifaa.ee\/en\/product\/grs-taaskasutatud-pet-hasti-nahtav-turvavest\/","title":{"rendered":"GRS recycled PET high-visibility safety vest"},"content":{"rendered":"<p>Unisex Class 2 high visibility warning vest designed for people between 164 and 198 cm tall. This vest offers enough space on both the front and back for large decorations, making it ideal for professional use where visibility is a priority. It has a fluorescent background with reflective tape, ensuring compliance with the EN ISO 20471:2013+A1:2016 standard. In addition, the garments are marked with the CE symbol, confirming their compliance with the EU Regulation 2016\/425\/EU, which classifies it as Category II personal protective equipment. Made from GRS-certified recycled PET. Total recycled content: 67% of the total weight of the item. The GRS certification ensures a fully certified supply chain of recycled materials.<\/p>","protected":false},"excerpt":{"rendered":"<p>Unisex Class 2 hea n\u00e4htavusega hoiatusvest, mis on m\u00f5eldud inimestele pikkusega 164-198 cm. See vest pakub nii esi- kui ka tagak\u00fcljel piisavalt ruumi suurte kaunistuste jaoks, mist\u00f5ttu on see ideaalne professionaalseks kasutamiseks, kus n\u00e4htavus on esmat\u00e4htis. Sellel on fluorestseeruv taust koos helkurlindiga, mis tagab vastavuse standardile EN ISO 20471:2013+A1:2016. Lisaks on r\u00f5ivad m\u00e4rgistatud CE-s\u00fcmboliga, mis [&hellip;]<\/p>\n","protected":false},"featured_media":28697,"template":"","meta":{"_acf_changed":false},"product_brand":[],"product_cat":[624,632],"product_tag":[],"class_list":{"0":"post-28678","1":"product","2":"type-product","3":"status-publish","4":"has-post-thumbnail","6":"product_cat-auto-ja-jalgratta-tarvikud","7":"product_cat-ohutusvestid","8":"pa_varv-kollane","10":"first","11":"instock","12":"taxable","13":"shipping-taxable","14":"purchasable","15":"product-type-variable","16":"has-default-attributes"},"acf":[],"_links":{"self":[{"href":"https:\/\/fifaa.ee\/en\/wp-json\/wp\/v2\/product\/28678","targetHints":{"allow":["GET"]}}],"collection":[{"href":"https:\/\/fifaa.ee\/en\/wp-json\/wp\/v2\/product"}],"about":[{"href":"https:\/\/fifaa.ee\/en\/wp-json\/wp\/v2\/types\/product"}],"wp:featuredmedia":[{"embeddable":true,"href":"https:\/\/fifaa.ee\/en\/wp-json\/wp\/v2\/media\/28697"}],"wp:attachment":[{"href":"https:\/\/fifaa.ee\/en\/wp-json\/wp\/v2\/media?parent=28678"}],"wp:term":[{"taxonomy":"product_brand","embeddable":true,"href":"https:\/\/fifaa.ee\/en\/wp-json\/wp\/v2\/product_brand?post=28678"},{"taxonomy":"product_cat","embeddable":true,"href":"https:\/\/fifaa.ee\/en\/wp-json\/wp\/v2\/product_cat?post=28678"},{"taxonomy":"product_tag","embeddable":true,"href":"https:\/\/fifaa.ee\/en\/wp-json\/wp\/v2\/product_tag?post=28678"}],"curies":[{"name":"wp","href":"https:\/\/api.w.org\/{rel}","templated":true}]}}