{"id":28724,"date":"2025-01-28T15:56:22","date_gmt":"2025-01-28T13:56:22","guid":{"rendered":"https:\/\/fifaa.ee\/?post_type=product&#038;p=28724"},"modified":"2026-04-01T15:57:42","modified_gmt":"2026-04-01T12:57:42","slug":"ukiyo-aware-280gr-puuvillane-luksuspoll","status":"publish","type":"product","link":"https:\/\/fifaa.ee\/en\/product\/ukiyo-aware-280gr-puuvillane-luksuspoll\/","title":{"rendered":"Ukiyo Aware\u2122 280gr rcotton deluxe apron"},"content":{"rendered":"<p>The Ukiyo Aware\u2122 280g Cotton Luxury Apron is carefully designed to meet the needs of the modern, everyday kitchen, without sacrificing beauty or fun. The one-size-fits-all apron is designed to fit all body types and sizes. Adjustable straps ensure you get the right fit. A front pocket holds your essentials. The apron is made from recycled cotton and features the AWARE\u2122 label, which confirms the genuine use of recycled materials. 2% of the proceeds from every AWARE\u2122 product sold is donated to Water.org.<\/p>","protected":false},"excerpt":{"rendered":"<p>Ukiyo Aware\u2122 280gr puuvillane luksusp\u00f5ll on hoolikalt disainitud nii, et see vastaks kaasaegse igap\u00e4evase k\u00f6\u00f6gi vajadustele, ilu ja l\u00f5busust ohverdamata. \u00dchesuuruses p\u00f5ll on loodud sobima k\u00f5ikidele kehat\u00fc\u00fcpidele ja suurustele. Reguleeritavad rihmad tagavad teile \u00f5ige istuvuse. Esitasku mahutab teie vajalikud asjad. P\u00f5ll on valmistatud taaskasutatud puuvillast koos AWARE\u2122 m\u00e4rgistusega, mis kinnitab taaskasutatud materjalide ehtsat kasutamist. 2% [&hellip;]<\/p>\n","protected":false},"featured_media":28739,"template":"","meta":{"_acf_changed":false},"product_brand":[],"product_cat":[213,568],"product_tag":[659],"class_list":{"0":"post-28724","1":"product","2":"type-product","3":"status-publish","4":"has-post-thumbnail","6":"product_cat-kodu","7":"product_cat-koogitarbed","8":"product_tag-more-colors","9":"pa_varv-must","10":"pa_varv-roheline","11":"pa_varv-sinine","13":"first","14":"instock","15":"taxable","16":"shipping-taxable","17":"purchasable","18":"product-type-variable","19":"has-default-attributes"},"acf":[],"_links":{"self":[{"href":"https:\/\/fifaa.ee\/en\/wp-json\/wp\/v2\/product\/28724","targetHints":{"allow":["GET"]}}],"collection":[{"href":"https:\/\/fifaa.ee\/en\/wp-json\/wp\/v2\/product"}],"about":[{"href":"https:\/\/fifaa.ee\/en\/wp-json\/wp\/v2\/types\/product"}],"wp:featuredmedia":[{"embeddable":true,"href":"https:\/\/fifaa.ee\/en\/wp-json\/wp\/v2\/media\/28739"}],"wp:attachment":[{"href":"https:\/\/fifaa.ee\/en\/wp-json\/wp\/v2\/media?parent=28724"}],"wp:term":[{"taxonomy":"product_brand","embeddable":true,"href":"https:\/\/fifaa.ee\/en\/wp-json\/wp\/v2\/product_brand?post=28724"},{"taxonomy":"product_cat","embeddable":true,"href":"https:\/\/fifaa.ee\/en\/wp-json\/wp\/v2\/product_cat?post=28724"},{"taxonomy":"product_tag","embeddable":true,"href":"https:\/\/fifaa.ee\/en\/wp-json\/wp\/v2\/product_tag?post=28724"}],"curies":[{"name":"wp","href":"https:\/\/api.w.org\/{rel}","templated":true}]}}