{"id":28725,"date":"2025-01-28T15:56:22","date_gmt":"2025-01-28T13:56:22","guid":{"rendered":"https:\/\/fifaa.ee\/?post_type=product&#038;p=28725"},"modified":"2026-04-01T15:57:42","modified_gmt":"2026-04-01T12:57:42","slug":"ukiyo-bambusest-soola-ja-pipraveski-komplekt","status":"publish","type":"product","link":"https:\/\/fifaa.ee\/en\/product\/ukiyo-bambusest-soola-ja-pipraveski-komplekt\/","title":{"rendered":"Ukiyo bamboo salt and pepper mill set"},"content":{"rendered":"<p>This Ukiyo salt and pepper set combines style and function for your dinner table in one design. It features a ceramic grinder that ensures easy grinding of salt and pepper. The salt and pepper mill set is made of bamboo, giving it a beautifully natural yet stylish look. The mills are also engraved with a \u201cP\u201d and \u201cS\u201d for an extra touch. Both mills have a capacity of 110 ml, so you won\u2019t have to refill the sets as often. Packaged in a kraft gift box.<\/p>","protected":false},"excerpt":{"rendered":"<p>See Ukiyo soola ja pipra komplekt \u00fchendab teie \u00f5htus\u00f6\u00f6gilauale stiili ja funktsiooni \u00fche kujundusega. Sees on keraamiline veski, mis tagab soola ja pipra h\u00f5lpsa jahvatamise. Soola- ja pipraveski komplekt on valmistatud bambusest, andes sellele kaunilt loomuliku, kuid stiilse v\u00e4limuse. Lisaks on veskidel graveeritud &#8220;P&#8221; ja &#8220;S&#8221;, mis annab komplektile lisah\u00f5ngu. M\u00f5lema veski mahutavus on 110 [&hellip;]<\/p>\n","protected":false},"featured_media":28745,"template":"","meta":{"_acf_changed":false},"product_brand":[],"product_cat":[213,568],"product_tag":[],"class_list":{"0":"post-28725","1":"product","2":"type-product","3":"status-publish","4":"has-post-thumbnail","6":"product_cat-kodu","7":"product_cat-koogitarbed","8":"pa_varv-pruun","10":"first","11":"instock","12":"taxable","13":"shipping-taxable","14":"purchasable","15":"product-type-variable","16":"has-default-attributes"},"acf":[],"_links":{"self":[{"href":"https:\/\/fifaa.ee\/en\/wp-json\/wp\/v2\/product\/28725","targetHints":{"allow":["GET"]}}],"collection":[{"href":"https:\/\/fifaa.ee\/en\/wp-json\/wp\/v2\/product"}],"about":[{"href":"https:\/\/fifaa.ee\/en\/wp-json\/wp\/v2\/types\/product"}],"wp:featuredmedia":[{"embeddable":true,"href":"https:\/\/fifaa.ee\/en\/wp-json\/wp\/v2\/media\/28745"}],"wp:attachment":[{"href":"https:\/\/fifaa.ee\/en\/wp-json\/wp\/v2\/media?parent=28725"}],"wp:term":[{"taxonomy":"product_brand","embeddable":true,"href":"https:\/\/fifaa.ee\/en\/wp-json\/wp\/v2\/product_brand?post=28725"},{"taxonomy":"product_cat","embeddable":true,"href":"https:\/\/fifaa.ee\/en\/wp-json\/wp\/v2\/product_cat?post=28725"},{"taxonomy":"product_tag","embeddable":true,"href":"https:\/\/fifaa.ee\/en\/wp-json\/wp\/v2\/product_tag?post=28725"}],"curies":[{"name":"wp","href":"https:\/\/api.w.org\/{rel}","templated":true}]}}