{"id":28731,"date":"2025-01-28T15:56:22","date_gmt":"2025-01-28T13:56:22","guid":{"rendered":"https:\/\/fifaa.ee\/?post_type=product&#038;p=28731"},"modified":"2026-04-01T15:58:12","modified_gmt":"2026-04-01T12:58:12","slug":"impact-aware-taaskasutatud-puuvillast-poll-180gr","status":"publish","type":"product","link":"https:\/\/fifaa.ee\/en\/product\/impact-aware-taaskasutatud-puuvillast-poll-180gr\/","title":{"rendered":"Impact AWARE\u2122 Recycled cotton apron 180gr"},"content":{"rendered":"<p>No greenwashing, just telling a true story of sustainability! This Impact 180g recycled cotton apron is made with the AWARE\u2122 label. With AWARE\u2122, AWARE uses disruptive physical tracking and blockchain technology to ensure the use of genuine recycled fabric materials (70% cotton\/30% rpet) and water reduction claims. Save water and use genuine recycled fabrics. With a focus on water, 2% of the proceeds from every Impact product sold is donated to Water.org. Don\u2019t worry about getting your clothes dirty. This beautiful apron has straps at the waist to help you get the perfect fit every time, and the front pocket is perfect for keeping spoons or other utensils you need handy while cooking. Water savings are based on numbers compared to conventional fibers. This calculated reading is based on reliable LCA data published by Textile Exchange in its 2016 Material Snapshots.<\/p>","protected":false},"excerpt":{"rendered":"<p>Ei mingit rohepesu, vaid r\u00e4\u00e4gib t\u00f5estis\u00fcndinud lugu j\u00e4tkusuutlikkusest! See Impact 180g taaskasutatud puuvillast p\u00f5ll on valmistatud AWARE\u2122 m\u00e4rgistusega. AWARE\u2122 abil on AWARE h\u00e4iriva f\u00fc\u00fcsilise j\u00e4lgija ja plokiahela tehnoloogia abil tagatud ehtsate ringlussev\u00f5etud kangamaterjalide (70% puuvilla\/30% rpet) kasutamine ja vee v\u00e4hendamise v\u00e4ited. S\u00e4\u00e4stke vett ja kasutage ehtsaid taaskasutatud kangaid. Keskendudes veele, annetatakse 2% iga m\u00fc\u00fcdud Impacti [&hellip;]<\/p>\n","protected":false},"featured_media":28761,"template":"","meta":{"_acf_changed":false},"product_brand":[],"product_cat":[213,568],"product_tag":[659],"class_list":{"0":"post-28731","1":"product","2":"type-product","3":"status-publish","4":"has-post-thumbnail","6":"product_cat-kodu","7":"product_cat-koogitarbed","8":"product_tag-more-colors","9":"pa_varv-must","10":"pa_varv-punane","11":"pa_varv-roheline","12":"pa_varv-sinine","13":"pa_varv-valge-new","15":"first","16":"instock","17":"taxable","18":"shipping-taxable","19":"purchasable","20":"product-type-variable","21":"has-default-attributes"},"acf":[],"_links":{"self":[{"href":"https:\/\/fifaa.ee\/en\/wp-json\/wp\/v2\/product\/28731","targetHints":{"allow":["GET"]}}],"collection":[{"href":"https:\/\/fifaa.ee\/en\/wp-json\/wp\/v2\/product"}],"about":[{"href":"https:\/\/fifaa.ee\/en\/wp-json\/wp\/v2\/types\/product"}],"wp:featuredmedia":[{"embeddable":true,"href":"https:\/\/fifaa.ee\/en\/wp-json\/wp\/v2\/media\/28761"}],"wp:attachment":[{"href":"https:\/\/fifaa.ee\/en\/wp-json\/wp\/v2\/media?parent=28731"}],"wp:term":[{"taxonomy":"product_brand","embeddable":true,"href":"https:\/\/fifaa.ee\/en\/wp-json\/wp\/v2\/product_brand?post=28731"},{"taxonomy":"product_cat","embeddable":true,"href":"https:\/\/fifaa.ee\/en\/wp-json\/wp\/v2\/product_cat?post=28731"},{"taxonomy":"product_tag","embeddable":true,"href":"https:\/\/fifaa.ee\/en\/wp-json\/wp\/v2\/product_tag?post=28731"}],"curies":[{"name":"wp","href":"https:\/\/api.w.org\/{rel}","templated":true}]}}