{"id":28775,"date":"2025-01-28T15:56:47","date_gmt":"2025-01-28T13:56:47","guid":{"rendered":"https:\/\/fifaa.ee\/?post_type=product&#038;p=28775"},"modified":"2026-04-01T15:58:34","modified_gmt":"2026-04-01T12:58:34","slug":"ukiyo-2-osaline-ohtusoogitaldriku-komplekt","status":"publish","type":"product","link":"https:\/\/fifaa.ee\/en\/product\/ukiyo-2-osaline-ohtusoogitaldriku-komplekt\/","title":{"rendered":"Ukiyo dinner plate set of 2"},"content":{"rendered":"<p>Set a beautiful and welcoming table with these gorgeous ceramic plates! Ukiyo dinner plates are perfect for beautifully presenting your dishes. The plate has a beautiful neutral color with black detailed edges and will suit most homes. Combine the dinner plate with other Ukiyo plates and bowls to create a unique and personalized table setting. The product is microwave and dishwasher safe and comes in a gift box of 2 pieces. Dimensions: diameter: 27 cm.<\/p>","protected":false},"excerpt":{"rendered":"<p>Katke nende uhkete keraamiliste taldrikutega ilus ja k\u00fclalislahke laud! Ukiyo \u00f5htus\u00f6\u00f6gitaldrikud sobivad ideaalselt teie roogade kauniks esitlemiseks. Plaat on ilusa neutraalse v\u00e4rviga mustade detailsete servadega ja sobib enamikesse kodudesse. Kombineeri \u00f5htus\u00f6\u00f6gitaldrik teiste Ukiyo taldrikute ja kaussidega, et luua ainulaadne ja isikup\u00e4rane lauakatus. Toode on mikrolaineahjus ja n\u00f5udepesumasinas pestav ning saadaval 2 tk kinkekarbis. M\u00f5\u00f5dud: l\u00e4bim\u00f5\u00f5t: [&hellip;]<\/p>\n","protected":false},"featured_media":28804,"template":"","meta":{"_acf_changed":false},"product_brand":[],"product_cat":[213,569],"product_tag":[],"class_list":{"0":"post-28775","1":"product","2":"type-product","3":"status-publish","4":"has-post-thumbnail","6":"product_cat-kodu","7":"product_cat-soogitarbed","8":"pa_varv-valge-new","10":"first","11":"instock","12":"taxable","13":"shipping-taxable","14":"purchasable","15":"product-type-variable","16":"has-default-attributes"},"acf":[],"_links":{"self":[{"href":"https:\/\/fifaa.ee\/en\/wp-json\/wp\/v2\/product\/28775","targetHints":{"allow":["GET"]}}],"collection":[{"href":"https:\/\/fifaa.ee\/en\/wp-json\/wp\/v2\/product"}],"about":[{"href":"https:\/\/fifaa.ee\/en\/wp-json\/wp\/v2\/types\/product"}],"wp:featuredmedia":[{"embeddable":true,"href":"https:\/\/fifaa.ee\/en\/wp-json\/wp\/v2\/media\/28804"}],"wp:attachment":[{"href":"https:\/\/fifaa.ee\/en\/wp-json\/wp\/v2\/media?parent=28775"}],"wp:term":[{"taxonomy":"product_brand","embeddable":true,"href":"https:\/\/fifaa.ee\/en\/wp-json\/wp\/v2\/product_brand?post=28775"},{"taxonomy":"product_cat","embeddable":true,"href":"https:\/\/fifaa.ee\/en\/wp-json\/wp\/v2\/product_cat?post=28775"},{"taxonomy":"product_tag","embeddable":true,"href":"https:\/\/fifaa.ee\/en\/wp-json\/wp\/v2\/product_tag?post=28775"}],"curies":[{"name":"wp","href":"https:\/\/api.w.org\/{rel}","templated":true}]}}