{"id":28819,"date":"2025-01-28T15:57:06","date_gmt":"2025-01-28T13:57:06","guid":{"rendered":"https:\/\/fifaa.ee\/?post_type=product&#038;p=28819"},"modified":"2026-04-01T15:59:26","modified_gmt":"2026-04-01T12:59:26","slug":"rcs-taaskasutatud-nubuck-pu-kotike-esmaabikomplekt-postitatav","status":"publish","type":"product","link":"https:\/\/fifaa.ee\/en\/product\/rcs-taaskasutatud-nubuck-pu-kotike-esmaabikomplekt-postitatav\/","title":{"rendered":"RCS recycled nubuck PU pouch first aid set mailable"},"content":{"rendered":"<p>A luxurious first aid kit made of water-repellent nubuck-PU material that is both stylish and practical. The material is easy to clean and repels water, making it ideal for use on the go. Contents: 1 triangular bandage, 1 PBT bandage, 4 alcohol pads, 1 swab, 5 plasters, 1 scissors, 2 pins, 1 tape; All contents comply with the Medical Device Directives: 93\/42\/EEC and EU (2017\/745), EN ISO 13485:2016; All contents (except pins and scissors) are packed in a paper bag with all mandatory markings required by EU legislation such as &quot;Expiration date, CE, LOT number. Total recycled content: 32% of the total weight of the item. RCS certification ensures a fully certified supply chain of recycled materials<\/p>","protected":false},"excerpt":{"rendered":"<p>Luksuslik esmaabikomplekt, mis koosneb vetth\u00fclgavast nubuk-PU materjalist, mis on \u00fchtaegu stiilne ja praktiline. Materjali on lihtne puhastada ja see t\u00f5rjub vett, mist\u00f5ttu on see ideaalne kasutamiseks liikvel olles. Sisu: 1 tk kolmnurkside, 1 tk PBT side, 4 tk alkoholipadjake, 1 tk tampooni, 5 tk plaastrit, 1 tk k\u00e4\u00e4rid, 2 tk pin, 1 tk teip; Kogu [&hellip;]<\/p>\n","protected":false},"featured_media":28835,"template":"","meta":{"_acf_changed":false},"product_brand":[],"product_cat":[624,625],"product_tag":[],"class_list":{"0":"post-28819","1":"product","2":"type-product","3":"status-publish","4":"has-post-thumbnail","6":"product_cat-auto-ja-jalgratta-tarvikud","7":"product_cat-esmaabi-komplektid","8":"pa_varv-must","10":"first","11":"instock","12":"taxable","13":"shipping-taxable","14":"purchasable","15":"product-type-variable","16":"has-default-attributes"},"acf":[],"_links":{"self":[{"href":"https:\/\/fifaa.ee\/en\/wp-json\/wp\/v2\/product\/28819","targetHints":{"allow":["GET"]}}],"collection":[{"href":"https:\/\/fifaa.ee\/en\/wp-json\/wp\/v2\/product"}],"about":[{"href":"https:\/\/fifaa.ee\/en\/wp-json\/wp\/v2\/types\/product"}],"wp:featuredmedia":[{"embeddable":true,"href":"https:\/\/fifaa.ee\/en\/wp-json\/wp\/v2\/media\/28835"}],"wp:attachment":[{"href":"https:\/\/fifaa.ee\/en\/wp-json\/wp\/v2\/media?parent=28819"}],"wp:term":[{"taxonomy":"product_brand","embeddable":true,"href":"https:\/\/fifaa.ee\/en\/wp-json\/wp\/v2\/product_brand?post=28819"},{"taxonomy":"product_cat","embeddable":true,"href":"https:\/\/fifaa.ee\/en\/wp-json\/wp\/v2\/product_cat?post=28819"},{"taxonomy":"product_tag","embeddable":true,"href":"https:\/\/fifaa.ee\/en\/wp-json\/wp\/v2\/product_tag?post=28819"}],"curies":[{"name":"wp","href":"https:\/\/api.w.org\/{rel}","templated":true}]}}