{"id":28820,"date":"2025-01-28T15:57:07","date_gmt":"2025-01-28T13:57:07","guid":{"rendered":"https:\/\/fifaa.ee\/?post_type=product&#038;p=28820"},"modified":"2026-04-01T15:59:26","modified_gmt":"2026-04-01T12:59:26","slug":"rcs-taaskasutatud-nubuck-pu-kotikese-esmaabikomplekt","status":"publish","type":"product","link":"https:\/\/fifaa.ee\/en\/product\/rcs-taaskasutatud-nubuck-pu-kotikese-esmaabikomplekt\/","title":{"rendered":"RCS recycled nubuck PU pouch first aid set"},"content":{"rendered":"<p>A luxurious first aid kit made of water-repellent nubuck-PU material that is both stylish and practical. The material is easy to clean and repels water, making it ideal for use on the go. 1 pc PBT bandage, 1 pc PBT and compresses, 1 pc triangular bandage, 1 pc safety kiss, 1 pair of gloves, 1 pc tape, 3 pcs pins, 1 pc scissors, 10 pcs plasters and 4 pcs alcohol pads; ; All contents in accordance with the Medical Device Directives: 93\/42\/EEC and EU (2017\/745), EN ISO 13485:2016; All contents (except pins and scissors) are packed in a paper bag with all mandatory markings required for the EU, such as \u201cExpiration date, CE, LOT number. Total recycled content: 24% of the total weight of the item. RCS certification ensures a fully certified supply chain of recycled materials<\/p>","protected":false},"excerpt":{"rendered":"<p>Luksuslik esmaabikomplekt, mis koosneb vetth\u00fclgavast nubuk-PU materjalist, mis on \u00fchtaegu stiilne ja praktiline. Materjali on lihtne puhastada ja see t\u00f5rjub vett, mist\u00f5ttu sobib ideaalselt kasutamiseks liikvel olles 1 tk PBT side, 1 tk PBT ja kompressside, 1 tk kolmnurkside, 1 tk ohutu suudlus, 1 paar kindaid, 1 tk teipi, 3 tk n\u00f6\u00f6pn\u00f5ela, 1 tk k\u00e4\u00e4rid [&hellip;]<\/p>\n","protected":false},"featured_media":28837,"template":"","meta":{"_acf_changed":false},"product_brand":[],"product_cat":[624,625],"product_tag":[],"class_list":{"0":"post-28820","1":"product","2":"type-product","3":"status-publish","4":"has-post-thumbnail","6":"product_cat-auto-ja-jalgratta-tarvikud","7":"product_cat-esmaabi-komplektid","8":"pa_varv-must","10":"first","11":"instock","12":"taxable","13":"shipping-taxable","14":"purchasable","15":"product-type-variable","16":"has-default-attributes"},"acf":[],"_links":{"self":[{"href":"https:\/\/fifaa.ee\/en\/wp-json\/wp\/v2\/product\/28820","targetHints":{"allow":["GET"]}}],"collection":[{"href":"https:\/\/fifaa.ee\/en\/wp-json\/wp\/v2\/product"}],"about":[{"href":"https:\/\/fifaa.ee\/en\/wp-json\/wp\/v2\/types\/product"}],"wp:featuredmedia":[{"embeddable":true,"href":"https:\/\/fifaa.ee\/en\/wp-json\/wp\/v2\/media\/28837"}],"wp:attachment":[{"href":"https:\/\/fifaa.ee\/en\/wp-json\/wp\/v2\/media?parent=28820"}],"wp:term":[{"taxonomy":"product_brand","embeddable":true,"href":"https:\/\/fifaa.ee\/en\/wp-json\/wp\/v2\/product_brand?post=28820"},{"taxonomy":"product_cat","embeddable":true,"href":"https:\/\/fifaa.ee\/en\/wp-json\/wp\/v2\/product_cat?post=28820"},{"taxonomy":"product_tag","embeddable":true,"href":"https:\/\/fifaa.ee\/en\/wp-json\/wp\/v2\/product_tag?post=28820"}],"curies":[{"name":"wp","href":"https:\/\/api.w.org\/{rel}","templated":true}]}}