{"id":28822,"date":"2025-01-28T15:57:07","date_gmt":"2025-01-28T13:57:07","guid":{"rendered":"https:\/\/fifaa.ee\/?post_type=product&#038;p=28822"},"modified":"2026-04-01T15:59:49","modified_gmt":"2026-04-01T12:59:49","slug":"rcs-taaskasutatud-roostevabast-terasest-lekkekindel-lounakarp","status":"publish","type":"product","link":"https:\/\/fifaa.ee\/en\/product\/rcs-taaskasutatud-roostevabast-terasest-lekkekindel-lounakarp\/","title":{"rendered":"RCS Recycled stainless steel leakproof lunch box"},"content":{"rendered":"<p>This rock-solid and leak-proof lunch box with a two-clamp closure is made of 95% recycled stainless steel! It keeps your favorite foods fresh and tasty for a long time. The timeless design and durable material make this lunch box the perfect companion for school or the office. The stainless steel lunch box is easy to clean, but should not be put in the dishwasher or used in the microwave. Made from RCS (Recycled Claim Standard) certified recycled materials. RCS certification ensures a fully certified supply chain for recycled materials. All recycled content based on the weight of the item. For cold foods only. Capacity 0.8 liters. FSC\u00ae-certified kraft packaging included.<\/p>","protected":false},"excerpt":{"rendered":"<p>See kivikindel ja lekkekindel kahe klambriga sulguriga l\u00f5unakarp on valmistatud 95% taaskasutatud roostevabast terasest! See hoiab teie lemmiktoidud pikka aega v\u00e4rske ja maitsvana. Ajatu disain ja vastupidav materjal muudavad selle l\u00f5unakarbi ideaalseks kaaslaseks koolis v\u00f5i kontoris. Roostevabast terasest l\u00f5unas\u00f6\u00f6gikarpi on lihtne puhastada, kuid seda ei tohiks panna n\u00f5udepesumasinasse ega kasutada mikrolaineahjus. Valmistatud RCS (Recycled Claim [&hellip;]<\/p>\n","protected":false},"featured_media":28845,"template":"","meta":{"_acf_changed":false},"product_brand":[],"product_cat":[213,588],"product_tag":[],"class_list":{"0":"post-28822","1":"product","2":"type-product","3":"status-publish","4":"has-post-thumbnail","6":"product_cat-kodu","7":"product_cat-lounakarbid-ja-termosed","9":"first","10":"instock","11":"taxable","12":"shipping-taxable","13":"purchasable","14":"product-type-variable","15":"has-default-attributes"},"acf":[],"_links":{"self":[{"href":"https:\/\/fifaa.ee\/en\/wp-json\/wp\/v2\/product\/28822","targetHints":{"allow":["GET"]}}],"collection":[{"href":"https:\/\/fifaa.ee\/en\/wp-json\/wp\/v2\/product"}],"about":[{"href":"https:\/\/fifaa.ee\/en\/wp-json\/wp\/v2\/types\/product"}],"wp:featuredmedia":[{"embeddable":true,"href":"https:\/\/fifaa.ee\/en\/wp-json\/wp\/v2\/media\/28845"}],"wp:attachment":[{"href":"https:\/\/fifaa.ee\/en\/wp-json\/wp\/v2\/media?parent=28822"}],"wp:term":[{"taxonomy":"product_brand","embeddable":true,"href":"https:\/\/fifaa.ee\/en\/wp-json\/wp\/v2\/product_brand?post=28822"},{"taxonomy":"product_cat","embeddable":true,"href":"https:\/\/fifaa.ee\/en\/wp-json\/wp\/v2\/product_cat?post=28822"},{"taxonomy":"product_tag","embeddable":true,"href":"https:\/\/fifaa.ee\/en\/wp-json\/wp\/v2\/product_tag?post=28822"}],"curies":[{"name":"wp","href":"https:\/\/api.w.org\/{rel}","templated":true}]}}