{"id":28825,"date":"2025-01-28T15:57:07","date_gmt":"2025-01-28T13:57:07","guid":{"rendered":"https:\/\/fifaa.ee\/?post_type=product&#038;p=28825"},"modified":"2026-04-01T16:00:12","modified_gmt":"2026-04-01T13:00:12","slug":"tierra-2tk-oled-ja-soogiriistad-kotis","status":"publish","type":"product","link":"https:\/\/fifaa.ee\/en\/product\/tierra-2tk-oled-ja-soogiriistad-kotis\/","title":{"rendered":"Tierra 2pcs straw and cutlery set in pouch"},"content":{"rendered":"<p>The Tierra 2 pc straw and cutlery set is the perfect set to take on the go if you want to reduce your use of single-use plastic. The set includes 2 stainless steel straws, a cleaning brush, a spork and 2 bent silicone straw pieces that attach to a straight ss straw for optimal comfort when sipping your drink. 2 different colors make it easy to tell them apart. Packed in a convenient velcro bag. Dishwasher safe. 100% 600D polyester exterior, 100% 210D polyester interior. PVC free.<\/p>","protected":false},"excerpt":{"rendered":"<p>Tierra 2 pc \u00f5lgede ja s\u00f6\u00f6giriistade komplekt on ideaalne komplekt liikvele kaasav\u00f5tmiseks, kui soovite v\u00e4hendada \u00fchekordselt kasutatava plasti kasutamist. Komplekt sisaldab 2 roostevabast terasest k\u00f5rt, puhastusharja, sporki ja 2 painutatud silikoonk\u00f5rret\u00fckki, mis kinnitatakse sirge ss k\u00f5rre k\u00fclge, et tagada jooki r\u00fc\u00fcbates optimaalne mugavus. 2 erinevat v\u00e4rvi muudavad nende eristamise lihtsaks. Pakitud mugavasse takjakinnisega kotti. N\u00f5udepesumasinas [&hellip;]<\/p>\n","protected":false},"featured_media":28853,"template":"","meta":{"_acf_changed":false},"product_brand":[],"product_cat":[213,568],"product_tag":[659],"class_list":{"0":"post-28825","1":"product","2":"type-product","3":"status-publish","4":"has-post-thumbnail","6":"product_cat-kodu","7":"product_cat-koogitarbed","8":"product_tag-more-colors","9":"pa_varv-must","10":"pa_varv-roheline","11":"pa_varv-sinine","13":"first","14":"instock","15":"taxable","16":"shipping-taxable","17":"purchasable","18":"product-type-variable","19":"has-default-attributes"},"acf":[],"_links":{"self":[{"href":"https:\/\/fifaa.ee\/en\/wp-json\/wp\/v2\/product\/28825","targetHints":{"allow":["GET"]}}],"collection":[{"href":"https:\/\/fifaa.ee\/en\/wp-json\/wp\/v2\/product"}],"about":[{"href":"https:\/\/fifaa.ee\/en\/wp-json\/wp\/v2\/types\/product"}],"wp:featuredmedia":[{"embeddable":true,"href":"https:\/\/fifaa.ee\/en\/wp-json\/wp\/v2\/media\/28853"}],"wp:attachment":[{"href":"https:\/\/fifaa.ee\/en\/wp-json\/wp\/v2\/media?parent=28825"}],"wp:term":[{"taxonomy":"product_brand","embeddable":true,"href":"https:\/\/fifaa.ee\/en\/wp-json\/wp\/v2\/product_brand?post=28825"},{"taxonomy":"product_cat","embeddable":true,"href":"https:\/\/fifaa.ee\/en\/wp-json\/wp\/v2\/product_cat?post=28825"},{"taxonomy":"product_tag","embeddable":true,"href":"https:\/\/fifaa.ee\/en\/wp-json\/wp\/v2\/product_tag?post=28825"}],"curies":[{"name":"wp","href":"https:\/\/api.w.org\/{rel}","templated":true}]}}