{"id":28871,"date":"2025-01-28T15:57:26","date_gmt":"2025-01-28T13:57:26","guid":{"rendered":"https:\/\/fifaa.ee\/?post_type=product&#038;p=28871"},"modified":"2026-04-01T16:00:55","modified_gmt":"2026-04-01T13:00:55","slug":"utah-rcs-taaskasutatud-plastikust-ja-bambusest-led-kell","status":"publish","type":"product","link":"https:\/\/fifaa.ee\/en\/product\/utah-rcs-taaskasutatud-plastikust-ja-bambusest-led-kell\/","title":{"rendered":"Utah RCS recycled plastic and bamboo LED clock"},"content":{"rendered":"<p>Large LED display clock made from RCS (Recycled Claim Standard) certified recycled ABS and FSC\u00ae 100% bamboo. Total recycled content: 76% of the total weight of the item. RCS certification ensures a fully certified supply chain of recycled materials. With high-quality LED display. Functions: clock, alarm, snooze, temperature, 12\/24 hour selection. Includes 100 cm Type-C charging cable made from RCS certified recycled TPE. Packed in FSC\u00ae mix kraft box.<\/p>","protected":false},"excerpt":{"rendered":"<p>Suur LED-ekraaniga kell, mis on valmistatud RCS (Recycled Claim Standard) sertifitseeritud ringlussev\u00f5etud ABS-ist ja FSC\u00ae 100% bambusest. Taaskasutatud kogusisaldus: 76% kauba kogukaalust. RCS-sertifikaat tagab taaskasutatud materjalide t\u00e4ielikult sertifitseeritud tarneahela. Kvaliteetse LED-ekraaniga. Funktsioonid: kell, \u00e4ratus, edasil\u00fckkamine, temperatuur, 12\/24 tunni valik. Kaasa arvatud 100 cm C-t\u00fc\u00fcpi laadimiskaabel, mis on valmistatud RCS-sertifikaadiga taaskasutatud TPE-st. Pakitud FSC\u00ae mix kraft [&hellip;]<\/p>\n","protected":false},"featured_media":28890,"template":"","meta":{"_acf_changed":false},"product_brand":[],"product_cat":[589,633],"product_tag":[],"class_list":{"0":"post-28871","1":"product","2":"type-product","3":"status-publish","4":"has-post-thumbnail","6":"product_cat-elektroonika","7":"product_cat-lauatarvikud","8":"pa_varv-pruun","10":"first","11":"instock","12":"taxable","13":"shipping-taxable","14":"purchasable","15":"product-type-variable","16":"has-default-attributes"},"acf":[],"_links":{"self":[{"href":"https:\/\/fifaa.ee\/en\/wp-json\/wp\/v2\/product\/28871","targetHints":{"allow":["GET"]}}],"collection":[{"href":"https:\/\/fifaa.ee\/en\/wp-json\/wp\/v2\/product"}],"about":[{"href":"https:\/\/fifaa.ee\/en\/wp-json\/wp\/v2\/types\/product"}],"wp:featuredmedia":[{"embeddable":true,"href":"https:\/\/fifaa.ee\/en\/wp-json\/wp\/v2\/media\/28890"}],"wp:attachment":[{"href":"https:\/\/fifaa.ee\/en\/wp-json\/wp\/v2\/media?parent=28871"}],"wp:term":[{"taxonomy":"product_brand","embeddable":true,"href":"https:\/\/fifaa.ee\/en\/wp-json\/wp\/v2\/product_brand?post=28871"},{"taxonomy":"product_cat","embeddable":true,"href":"https:\/\/fifaa.ee\/en\/wp-json\/wp\/v2\/product_cat?post=28871"},{"taxonomy":"product_tag","embeddable":true,"href":"https:\/\/fifaa.ee\/en\/wp-json\/wp\/v2\/product_tag?post=28871"}],"curies":[{"name":"wp","href":"https:\/\/api.w.org\/{rel}","templated":true}]}}