{"id":28875,"date":"2025-01-28T15:57:26","date_gmt":"2025-01-28T13:57:26","guid":{"rendered":"https:\/\/fifaa.ee\/?post_type=product&#038;p=28875"},"modified":"2026-04-01T16:01:15","modified_gmt":"2026-04-01T13:01:15","slug":"rgb-manguhiir","status":"publish","type":"product","link":"https:\/\/fifaa.ee\/en\/product\/rgb-manguhiir\/","title":{"rendered":"RGB gaming mouse"},"content":{"rendered":"<p>Become a gaming hero with this ergonomically designed RGB gaming mouse. The high-precision mouse has an optical resolution of up to 7200 DPI. With 6 buttons and a scroll wheel. Integrated RGB lighting that can be set to 13 different modes. Durable 160 cm abrasion-resistant braided cable for extra long use. The mouse is plug and play, so there is no need to install a driver. Made of ABS material. Compatible with Windows 2000\/XP\/Vista\/Windows 7, 8 and 10\/Linux\/Mac. The product and cable are PVC-free.<\/p>","protected":false},"excerpt":{"rendered":"<p>Selle ergonoomilise disainiga RGB m\u00e4nguhiire abil saate m\u00e4ngukangelaseks. K\u00f5rge t\u00e4psusega hiire optiline eraldusv\u00f5ime on kuni 7200 DPI. 6 nupu ja kerimisnupuga. Integreeritud RGB-valgustitega, mida saab seadistada 13 erinevasse re\u017eiimi. Vastupidav 160 cm kulumiskindel kootud kaabel eriti pikaks kasutuseks. Hiir on plug and play, seega pole vaja draiverit installida. Valmistatud ABS materjalist. \u00dchildub operatsioonis\u00fcsteemidega Windows 2000\/XP\/Vista\/Windows [&hellip;]<\/p>\n","protected":false},"featured_media":28898,"template":"","meta":{"_acf_changed":false},"product_brand":[],"product_cat":[589,646],"product_tag":[],"class_list":{"0":"post-28875","1":"product","2":"type-product","3":"status-publish","4":"has-post-thumbnail","6":"product_cat-elektroonika","7":"product_cat-mangutarvikud","8":"pa_varv-must","10":"first","11":"instock","12":"taxable","13":"shipping-taxable","14":"purchasable","15":"product-type-variable","16":"has-default-attributes"},"acf":[],"_links":{"self":[{"href":"https:\/\/fifaa.ee\/en\/wp-json\/wp\/v2\/product\/28875","targetHints":{"allow":["GET"]}}],"collection":[{"href":"https:\/\/fifaa.ee\/en\/wp-json\/wp\/v2\/product"}],"about":[{"href":"https:\/\/fifaa.ee\/en\/wp-json\/wp\/v2\/types\/product"}],"wp:featuredmedia":[{"embeddable":true,"href":"https:\/\/fifaa.ee\/en\/wp-json\/wp\/v2\/media\/28898"}],"wp:attachment":[{"href":"https:\/\/fifaa.ee\/en\/wp-json\/wp\/v2\/media?parent=28875"}],"wp:term":[{"taxonomy":"product_brand","embeddable":true,"href":"https:\/\/fifaa.ee\/en\/wp-json\/wp\/v2\/product_brand?post=28875"},{"taxonomy":"product_cat","embeddable":true,"href":"https:\/\/fifaa.ee\/en\/wp-json\/wp\/v2\/product_cat?post=28875"},{"taxonomy":"product_tag","embeddable":true,"href":"https:\/\/fifaa.ee\/en\/wp-json\/wp\/v2\/product_tag?post=28875"}],"curies":[{"name":"wp","href":"https:\/\/api.w.org\/{rel}","templated":true}]}}