{"id":28877,"date":"2025-01-28T15:57:26","date_gmt":"2025-01-28T13:57:26","guid":{"rendered":"https:\/\/fifaa.ee\/?post_type=product&#038;p=28877"},"modified":"2026-04-01T16:01:15","modified_gmt":"2026-04-01T13:01:15","slug":"rgb-manguhiirepadi","status":"publish","type":"product","link":"https:\/\/fifaa.ee\/en\/product\/rgb-manguhiirepadi\/","title":{"rendered":"RGB gaming mousepad"},"content":{"rendered":"<p>Become a gaming hero with this RGB mouse pad. The low-friction surface ensures fast and accurate tracking of both optical and laser sensors. The nylon mouse pad is extra thick to ensure complete control and comfort during gaming sessions. With an anti-slip base that stays in place even during hot gaming moments. With integrated RGB lights that can be set to 15 different modes. Durable 180 cm abrasion-resistant woven cable for extra long use. The RGB light can be controlled with touch control. Operating voltage: 5V. The product and cable are PVC-free.<\/p>","protected":false},"excerpt":{"rendered":"<p>Selle RGB-hiirepadja abil saate m\u00e4ngukangelaseks. Madala h\u00f5\u00f5rdepinnaga pind tagab nii optilise kui laseranduri kiire ja t\u00e4pse j\u00e4lgimise. Nailonist hiirepadi on eriti paks, et tagada t\u00e4ielik kontroll ja mugavus m\u00e4ngusessioonide ajal. Libisemisvastase alusega, mis p\u00fcsib paigal ka kuumadel m\u00e4nguhetkedel. Integreeritud RGB-valgustitega, mida saab seadistada 15 erinevasse re\u017eiimi. Vastupidav 180 cm kulumiskindel kootud kaabel eriti pikaks kasutuseks. [&hellip;]<\/p>\n","protected":false},"featured_media":28902,"template":"","meta":{"_acf_changed":false},"product_brand":[],"product_cat":[589,646],"product_tag":[],"class_list":{"0":"post-28877","1":"product","2":"type-product","3":"status-publish","4":"has-post-thumbnail","6":"product_cat-elektroonika","7":"product_cat-mangutarvikud","8":"pa_varv-must","10":"first","11":"instock","12":"taxable","13":"shipping-taxable","14":"purchasable","15":"product-type-variable","16":"has-default-attributes"},"acf":[],"_links":{"self":[{"href":"https:\/\/fifaa.ee\/en\/wp-json\/wp\/v2\/product\/28877","targetHints":{"allow":["GET"]}}],"collection":[{"href":"https:\/\/fifaa.ee\/en\/wp-json\/wp\/v2\/product"}],"about":[{"href":"https:\/\/fifaa.ee\/en\/wp-json\/wp\/v2\/types\/product"}],"wp:featuredmedia":[{"embeddable":true,"href":"https:\/\/fifaa.ee\/en\/wp-json\/wp\/v2\/media\/28902"}],"wp:attachment":[{"href":"https:\/\/fifaa.ee\/en\/wp-json\/wp\/v2\/media?parent=28877"}],"wp:term":[{"taxonomy":"product_brand","embeddable":true,"href":"https:\/\/fifaa.ee\/en\/wp-json\/wp\/v2\/product_brand?post=28877"},{"taxonomy":"product_cat","embeddable":true,"href":"https:\/\/fifaa.ee\/en\/wp-json\/wp\/v2\/product_cat?post=28877"},{"taxonomy":"product_tag","embeddable":true,"href":"https:\/\/fifaa.ee\/en\/wp-json\/wp\/v2\/product_tag?post=28877"}],"curies":[{"name":"wp","href":"https:\/\/api.w.org\/{rel}","templated":true}]}}