{"id":28879,"date":"2025-01-28T15:57:26","date_gmt":"2025-01-28T13:57:26","guid":{"rendered":"https:\/\/fifaa.ee\/?post_type=product&#038;p=28879"},"modified":"2026-04-01T16:01:15","modified_gmt":"2026-04-01T13:01:15","slug":"swiss-peak-rcs-taaskasutatud-pu-10w-juhtmevaba-laadimisega-hiirematt","status":"publish","type":"product","link":"https:\/\/fifaa.ee\/en\/product\/swiss-peak-rcs-taaskasutatud-pu-10w-juhtmevaba-laadimisega-hiirematt\/","title":{"rendered":"Swiss Peak RCS recycled PU 10W wireless charging mousepad"},"content":{"rendered":"<p>Luxurious mouse pad with integrated 10W wireless charger. The charging area can also be used as a phone stand in an upright position. Made from RCS (Recycled Claim Standard) certified recycled materials. The RCS certification ensures a fully certified supply chain for recycled materials. The smooth and luxurious surface makes any desk a great working environment. Dimensions: 29x19x2 cm. Extra thick for a perfect working experience. The outer material is made of GRS certified recycled PU. Total recycled content: 27.91% of the total weight of the product. Includes a 150 cm PVC-free TPE cable. Product and accessories PVC-free. Wireless charging compatible with the latest generations of Android, iPhone 8 and above. Input: 9V\/2A Wireless output: 9V\/1.1A.<\/p>","protected":false},"excerpt":{"rendered":"<p>Luksuslik hiirematt integreeritud 10 W juhtmevaba laadijaga. Laadimisala saab kasutada ka p\u00fcstises asendis telefonialusena. Valmistatud RCS (Recycled Claim Standard) sertifitseeritud taaskasutatud materjalidest. RCS-sertifikaat tagab taaskasutatud materjalide t\u00e4ielikult sertifitseeritud tarneahela. Sile ja luksuslik pind muudab iga laua suurep\u00e4raseks t\u00f6\u00f6keskkonnaks. M\u00f5\u00f5dud: 29x19x2 cm. Eriti paks t\u00e4iusliku t\u00f6\u00f6kogemuse tagamiseks. V\u00e4lismaterjal on valmistatud GRS-sertifikaadiga taaskasutatud PU-st. Kogu taaskasutatud sisaldus: [&hellip;]<\/p>\n","protected":false},"featured_media":28906,"template":"","meta":{"_acf_changed":false},"product_brand":[],"product_cat":[589,647],"product_tag":[],"class_list":{"0":"post-28879","1":"product","2":"type-product","3":"status-publish","4":"has-post-thumbnail","6":"product_cat-elektroonika","7":"product_cat-juhtmevabad-laadijad","8":"pa_varv-must","10":"first","11":"instock","12":"taxable","13":"shipping-taxable","14":"purchasable","15":"product-type-variable","16":"has-default-attributes"},"acf":[],"_links":{"self":[{"href":"https:\/\/fifaa.ee\/en\/wp-json\/wp\/v2\/product\/28879","targetHints":{"allow":["GET"]}}],"collection":[{"href":"https:\/\/fifaa.ee\/en\/wp-json\/wp\/v2\/product"}],"about":[{"href":"https:\/\/fifaa.ee\/en\/wp-json\/wp\/v2\/types\/product"}],"wp:featuredmedia":[{"embeddable":true,"href":"https:\/\/fifaa.ee\/en\/wp-json\/wp\/v2\/media\/28906"}],"wp:attachment":[{"href":"https:\/\/fifaa.ee\/en\/wp-json\/wp\/v2\/media?parent=28879"}],"wp:term":[{"taxonomy":"product_brand","embeddable":true,"href":"https:\/\/fifaa.ee\/en\/wp-json\/wp\/v2\/product_brand?post=28879"},{"taxonomy":"product_cat","embeddable":true,"href":"https:\/\/fifaa.ee\/en\/wp-json\/wp\/v2\/product_cat?post=28879"},{"taxonomy":"product_tag","embeddable":true,"href":"https:\/\/fifaa.ee\/en\/wp-json\/wp\/v2\/product_tag?post=28879"}],"curies":[{"name":"wp","href":"https:\/\/api.w.org\/{rel}","templated":true}]}}