{"id":28881,"date":"2025-01-28T15:57:26","date_gmt":"2025-01-28T13:57:26","guid":{"rendered":"https:\/\/fifaa.ee\/?post_type=product&#038;p=28881"},"modified":"2026-04-01T16:01:50","modified_gmt":"2026-04-01T13:01:50","slug":"valgustage-logoga-juhtmevaba-hiir","status":"publish","type":"product","link":"https:\/\/fifaa.ee\/en\/product\/valgustage-logoga-juhtmevaba-hiir\/","title":{"rendered":"Light up logo wireless mouse"},"content":{"rendered":"<p>Comfortable design and rechargeable wireless mouse with the option to engrave your own logo that lights up for extra exposure to your brand. The mouse has a rechargeable 300 mAh lithium battery that can be charged in three hours. Connection speed 125 HZ via the included and easy-to-install USB dongle. With left and right click buttons and a middle scroll\/click button. The mouse sensitivity can be easily adjusted to your personal preferences. Compatible with all the latest Windows and Mac operating systems<\/p>","protected":false},"excerpt":{"rendered":"<p>Mugav disain ja taaslaetav juhtmevaba hiir, millel on v\u00f5imalus graveerida oma logo, mis s\u00fcttib teie kaubam\u00e4rgile lisaekspositsiooni suurendamiseks. Hiirel on taaslaetav 300 mah liitiumaku, mida saab laadida kolme tunniga. \u00dchenduskiirus 125 HZ kaasasoleva ja h\u00f5lpsasti paigaldatava USB-dongli kaudu. Vasaku ja paremkl\u00f5psu nupuga ja keskmise kerimis-\/kl\u00f5psu nupuga. Hiire tundlikkust saab h\u00f5lpsasti kohandada vastavalt teie isiklikele eelistustele. [&hellip;]<\/p>\n","protected":false},"featured_media":28910,"template":"","meta":{"_acf_changed":false},"product_brand":[],"product_cat":[589,633],"product_tag":[],"class_list":{"0":"post-28881","1":"product","2":"type-product","3":"status-publish","4":"has-post-thumbnail","6":"product_cat-elektroonika","7":"product_cat-lauatarvikud","8":"pa_varv-must","10":"first","11":"instock","12":"taxable","13":"shipping-taxable","14":"purchasable","15":"product-type-variable","16":"has-default-attributes"},"acf":[],"_links":{"self":[{"href":"https:\/\/fifaa.ee\/en\/wp-json\/wp\/v2\/product\/28881","targetHints":{"allow":["GET"]}}],"collection":[{"href":"https:\/\/fifaa.ee\/en\/wp-json\/wp\/v2\/product"}],"about":[{"href":"https:\/\/fifaa.ee\/en\/wp-json\/wp\/v2\/types\/product"}],"wp:featuredmedia":[{"embeddable":true,"href":"https:\/\/fifaa.ee\/en\/wp-json\/wp\/v2\/media\/28910"}],"wp:attachment":[{"href":"https:\/\/fifaa.ee\/en\/wp-json\/wp\/v2\/media?parent=28881"}],"wp:term":[{"taxonomy":"product_brand","embeddable":true,"href":"https:\/\/fifaa.ee\/en\/wp-json\/wp\/v2\/product_brand?post=28881"},{"taxonomy":"product_cat","embeddable":true,"href":"https:\/\/fifaa.ee\/en\/wp-json\/wp\/v2\/product_cat?post=28881"},{"taxonomy":"product_tag","embeddable":true,"href":"https:\/\/fifaa.ee\/en\/wp-json\/wp\/v2\/product_tag?post=28881"}],"curies":[{"name":"wp","href":"https:\/\/api.w.org\/{rel}","templated":true}]}}