{"id":28912,"date":"2025-01-28T15:57:49","date_gmt":"2025-01-28T13:57:49","guid":{"rendered":"https:\/\/fifaa.ee\/?post_type=product&#038;p=28912"},"modified":"2026-04-01T16:01:50","modified_gmt":"2026-04-01T13:01:50","slug":"ruuduvotmeotsija-2-0","status":"publish","type":"product","link":"https:\/\/fifaa.ee\/en\/product\/ruuduvotmeotsija-2-0\/","title":{"rendered":"Square key finder 2.0"},"content":{"rendered":"<p>With this tiny wireless BT 4.0 key finder, you can find your lost items in seconds. It will easily find your phone and wallet or keys. The free and easy-to-use app will pinpoint the location of your misplaced item. It has a replaceable battery and low power consumption that lasts up to 3 months in standby mode. With selfie function. Compatible with IOS 10 and above and Android 4.3.<\/p>","protected":false},"excerpt":{"rendered":"<p>Selle pisikese juhtmevaba BT 4.0 v\u00f5tmeotsijaga leiate kadunud esemed sekunditega \u00fcles. See leiab teie telefoni ja rahakoti v\u00f5i v\u00f5tmed h\u00f5lpsalt \u00fcles. Tasuta ja h\u00f5lpsasti kasutatav rakendus m\u00e4\u00e4rab teie valesti paigutatud eseme asukoha. Sellel on vahetatav aku ja madal energiatarve, mis kestab kuni 3 kuud ootere\u017eiimis. Selfie funktsiooniga. \u00dchildub IOS 10 ja uuemate versioonidega ning Android [&hellip;]<\/p>\n","protected":false},"featured_media":28927,"template":"","meta":{"_acf_changed":false},"product_brand":[],"product_cat":[589,634],"product_tag":[],"class_list":{"0":"post-28912","1":"product","2":"type-product","3":"status-publish","4":"has-post-thumbnail","6":"product_cat-elektroonika","7":"product_cat-mobiili-tarvikud","8":"pa_varv-valge-new","10":"first","11":"instock","12":"taxable","13":"shipping-taxable","14":"purchasable","15":"product-type-variable","16":"has-default-attributes"},"acf":[],"_links":{"self":[{"href":"https:\/\/fifaa.ee\/en\/wp-json\/wp\/v2\/product\/28912","targetHints":{"allow":["GET"]}}],"collection":[{"href":"https:\/\/fifaa.ee\/en\/wp-json\/wp\/v2\/product"}],"about":[{"href":"https:\/\/fifaa.ee\/en\/wp-json\/wp\/v2\/types\/product"}],"wp:featuredmedia":[{"embeddable":true,"href":"https:\/\/fifaa.ee\/en\/wp-json\/wp\/v2\/media\/28927"}],"wp:attachment":[{"href":"https:\/\/fifaa.ee\/en\/wp-json\/wp\/v2\/media?parent=28912"}],"wp:term":[{"taxonomy":"product_brand","embeddable":true,"href":"https:\/\/fifaa.ee\/en\/wp-json\/wp\/v2\/product_brand?post=28912"},{"taxonomy":"product_cat","embeddable":true,"href":"https:\/\/fifaa.ee\/en\/wp-json\/wp\/v2\/product_cat?post=28912"},{"taxonomy":"product_tag","embeddable":true,"href":"https:\/\/fifaa.ee\/en\/wp-json\/wp\/v2\/product_tag?post=28912"}],"curies":[{"name":"wp","href":"https:\/\/api.w.org\/{rel}","templated":true}]}}