{"id":28917,"date":"2025-01-28T15:57:49","date_gmt":"2025-01-28T13:57:49","guid":{"rendered":"https:\/\/fifaa.ee\/?post_type=product&#038;p=28917"},"modified":"2026-04-01T16:02:13","modified_gmt":"2026-04-01T13:02:13","slug":"rena-uv-c-steriliseerimiskarp-5w-juhtmevaba-laadijaga","status":"publish","type":"product","link":"https:\/\/fifaa.ee\/en\/product\/rena-uv-c-steriliseerimiskarp-5w-juhtmevaba-laadijaga\/","title":{"rendered":"Rena UV-C sterilizer box with 5W wireless charger"},"content":{"rendered":"<p>Multifunctional UV-C sterilizer that kills up to 99.91% of bacteria placed inside the device. Simply place items such as headphones, jewelry, watches and face masks in the sterilizer to sterilize them using UV-C technology. You can choose between a quick clean in 90 seconds or a full clean in 5 minutes. The 2 UV-C LED lamps inside are non-toxic and made without mercury, unlike many UV lamps on the market. The design also ensures that the UV-C LED light automatically turns off when the box is opened, so the user is not exposed to UV-C light. The lights have a lifespan of 10,000 hours. The sterilizer has a bamboo 5W wireless charger on top to charge your mobile device. 100 cm PVC-free TPE Type-C cable included. Input: 5V\/1.5A; Output: 5\/1A - 5W. UV-C wavelength 270nm-280nm<\/p>","protected":false},"excerpt":{"rendered":"<p>Multifunktsionaalne UV-C sterilisaator, mis tapab kuni 99,9% seadmesse paigutatud bakteritest. Asetage esemed, nagu k\u00f5rvaklapid, ehted, k\u00e4ekellad ja n\u00e4omask, lihtsalt steriliseerimisseadmesse, et steriliseerida need UV-C tehnoloogia abil. Saate valida, kas teha kiire puhastus 90 sekundiga v\u00f5i t\u00e4ielik puhastus 5 minutiga. Sees olev 2 UV-C LED-lampi on mittetoksiline ja valmistatud ilma elavh\u00f5bedata erinevalt paljudest turul pakutavatest UV-lampidest. [&hellip;]<\/p>\n","protected":false},"featured_media":28937,"template":"","meta":{"_acf_changed":false},"product_brand":[],"product_cat":[589,634],"product_tag":[],"class_list":{"0":"post-28917","1":"product","2":"type-product","3":"status-publish","4":"has-post-thumbnail","6":"product_cat-elektroonika","7":"product_cat-mobiili-tarvikud","8":"pa_varv-hall","10":"first","11":"instock","12":"taxable","13":"shipping-taxable","14":"purchasable","15":"product-type-variable","16":"has-default-attributes"},"acf":[],"_links":{"self":[{"href":"https:\/\/fifaa.ee\/en\/wp-json\/wp\/v2\/product\/28917","targetHints":{"allow":["GET"]}}],"collection":[{"href":"https:\/\/fifaa.ee\/en\/wp-json\/wp\/v2\/product"}],"about":[{"href":"https:\/\/fifaa.ee\/en\/wp-json\/wp\/v2\/types\/product"}],"wp:featuredmedia":[{"embeddable":true,"href":"https:\/\/fifaa.ee\/en\/wp-json\/wp\/v2\/media\/28937"}],"wp:attachment":[{"href":"https:\/\/fifaa.ee\/en\/wp-json\/wp\/v2\/media?parent=28917"}],"wp:term":[{"taxonomy":"product_brand","embeddable":true,"href":"https:\/\/fifaa.ee\/en\/wp-json\/wp\/v2\/product_brand?post=28917"},{"taxonomy":"product_cat","embeddable":true,"href":"https:\/\/fifaa.ee\/en\/wp-json\/wp\/v2\/product_cat?post=28917"},{"taxonomy":"product_tag","embeddable":true,"href":"https:\/\/fifaa.ee\/en\/wp-json\/wp\/v2\/product_tag?post=28917"}],"curies":[{"name":"wp","href":"https:\/\/api.w.org\/{rel}","templated":true}]}}