{"id":28920,"date":"2025-01-28T15:57:49","date_gmt":"2025-01-28T13:57:49","guid":{"rendered":"https:\/\/fifaa.ee\/?post_type=product&#038;p=28920"},"modified":"2026-04-01T16:02:36","modified_gmt":"2026-04-01T13:02:36","slug":"findcard-rcs-taaskasutatud-plastist-esemete-leidja-kaart","status":"publish","type":"product","link":"https:\/\/fifaa.ee\/en\/product\/findcard-rcs-taaskasutatud-plastist-esemete-leidja-kaart\/","title":{"rendered":"Findcard RCS recycled plastic item finder card"},"content":{"rendered":"<p>Never lose your wallet again with the ultra-slim Find My card, featuring integrated Find My technology that seamlessly integrates with Apple\u2019s Find My app. With Findcard, you\u2019ll receive an instant notification if you leave your wallet behind. Even if your wallet is completely lost, you can easily track it anywhere in the world using Apple\u2019s Find My network. When you\u2019re nearby, you can activate a sound to find its exact location. Findcard is powered by 3 batteries that last up to 1 year, providing long-lasting convenience without having to recharge. At just 2mm thick, Findcard fits effortlessly into your wallet without adding bulk. Made from RCS recycled ABS, it has a lower environmental impact, with 40% of its total weight made up of recycled content. RCS certification ensures a fully certified recycled supply chain. Findcard is packaged in FSC\u00ae mix gift packaging<\/p>","protected":false},"excerpt":{"rendered":"<p>\u00c4rge kaotage enam kunagi oma rahakotti \u00fcli\u00f5hukese Find My kaardiga, mis sisaldab integreeritud Find My tehnoloogiat, mis \u00fchendub sujuvalt Apple&#8217;i rakendusega Find My. Findcardiga saate koheselt teatise, kui j\u00e4tate rahakoti maha. Isegi kui teie rahakott on t\u00e4ielikult kadunud, saate seda Apple&#8217;i v\u00f5rgu Find My abil h\u00f5lpsalt j\u00e4lgida k\u00f5ikjal maailmas. Kui olete l\u00e4hedal, saate heli aktiveerida, [&hellip;]<\/p>\n","protected":false},"featured_media":28943,"template":"","meta":{"_acf_changed":false},"product_brand":[],"product_cat":[589,635],"product_tag":[],"class_list":{"0":"post-28920","1":"product","2":"type-product","3":"status-publish","4":"has-post-thumbnail","6":"product_cat-elektroonika","7":"product_cat-muud-tarvikud","8":"pa_varv-valge-new","10":"first","11":"instock","12":"taxable","13":"shipping-taxable","14":"purchasable","15":"product-type-variable","16":"has-default-attributes"},"acf":[],"_links":{"self":[{"href":"https:\/\/fifaa.ee\/en\/wp-json\/wp\/v2\/product\/28920","targetHints":{"allow":["GET"]}}],"collection":[{"href":"https:\/\/fifaa.ee\/en\/wp-json\/wp\/v2\/product"}],"about":[{"href":"https:\/\/fifaa.ee\/en\/wp-json\/wp\/v2\/types\/product"}],"wp:featuredmedia":[{"embeddable":true,"href":"https:\/\/fifaa.ee\/en\/wp-json\/wp\/v2\/media\/28943"}],"wp:attachment":[{"href":"https:\/\/fifaa.ee\/en\/wp-json\/wp\/v2\/media?parent=28920"}],"wp:term":[{"taxonomy":"product_brand","embeddable":true,"href":"https:\/\/fifaa.ee\/en\/wp-json\/wp\/v2\/product_brand?post=28920"},{"taxonomy":"product_cat","embeddable":true,"href":"https:\/\/fifaa.ee\/en\/wp-json\/wp\/v2\/product_cat?post=28920"},{"taxonomy":"product_tag","embeddable":true,"href":"https:\/\/fifaa.ee\/en\/wp-json\/wp\/v2\/product_tag?post=28920"}],"curies":[{"name":"wp","href":"https:\/\/api.w.org\/{rel}","templated":true}]}}