{"id":28921,"date":"2025-01-28T15:57:49","date_gmt":"2025-01-28T13:57:49","guid":{"rendered":"https:\/\/fifaa.ee\/?post_type=product&#038;p=28921"},"modified":"2026-04-01T16:02:36","modified_gmt":"2026-04-01T13:02:36","slug":"magmount-rcs-taaskasutatud-plastist-ja-bambusest-telefonialus","status":"publish","type":"product","link":"https:\/\/fifaa.ee\/en\/product\/magmount-rcs-taaskasutatud-plastist-ja-bambusest-telefonialus\/","title":{"rendered":"Magmount RCS recycled plastic and bamboo phone stand"},"content":{"rendered":"<p>Foldable and compact magnetic phone stand with extra strong magnet. Compatible with all phones equipped with an integrated magnet (iPhone 12 and above) Compatible with Android QI2-enabled phones, other phones require a magnetic phone case. The stand is made of RCS (Recycled Claim Standard) certified recycled ABS and natural bamboo. Total recycled content: 30% of the total weight of the item. RCS certification ensures a fully certified supply chain of recycled materials.<\/p>","protected":false},"excerpt":{"rendered":"<p>Kokkupandav ja kompaktne magnetiga telefonialus eriti tugeva magnetiga. \u00dchildub k\u00f5igi telefonidega, mis on varustatud integreeritud magnetiga (iPhone 12 ja uuemad) Androidile \u00fchilduvad QI2 toetavate telefonidega, teised telefonid vajavad magnetilist telefoni\u00fcmbrist. Statiiv on valmistatud RCS (Recycled Claim Standard) sertifitseeritud taaskasutatud ABS-ist ja naturaalsest bambusest. Taaskasutatud kogusisaldus: 30% eseme kogukaalust. RCS-sertifikaat tagab taaskasutatud materjalide t\u00e4ielikult sertifitseeritud tarneahela.<\/p>","protected":false},"featured_media":28945,"template":"","meta":{"_acf_changed":false},"product_brand":[],"product_cat":[589],"product_tag":[],"class_list":{"0":"post-28921","1":"product","2":"type-product","3":"status-publish","4":"has-post-thumbnail","6":"product_cat-elektroonika","7":"pa_varv-must","9":"first","10":"instock","11":"taxable","12":"shipping-taxable","13":"purchasable","14":"product-type-variable","15":"has-default-attributes"},"acf":[],"_links":{"self":[{"href":"https:\/\/fifaa.ee\/en\/wp-json\/wp\/v2\/product\/28921","targetHints":{"allow":["GET"]}}],"collection":[{"href":"https:\/\/fifaa.ee\/en\/wp-json\/wp\/v2\/product"}],"about":[{"href":"https:\/\/fifaa.ee\/en\/wp-json\/wp\/v2\/types\/product"}],"wp:featuredmedia":[{"embeddable":true,"href":"https:\/\/fifaa.ee\/en\/wp-json\/wp\/v2\/media\/28945"}],"wp:attachment":[{"href":"https:\/\/fifaa.ee\/en\/wp-json\/wp\/v2\/media?parent=28921"}],"wp:term":[{"taxonomy":"product_brand","embeddable":true,"href":"https:\/\/fifaa.ee\/en\/wp-json\/wp\/v2\/product_brand?post=28921"},{"taxonomy":"product_cat","embeddable":true,"href":"https:\/\/fifaa.ee\/en\/wp-json\/wp\/v2\/product_cat?post=28921"},{"taxonomy":"product_tag","embeddable":true,"href":"https:\/\/fifaa.ee\/en\/wp-json\/wp\/v2\/product_tag?post=28921"}],"curies":[{"name":"wp","href":"https:\/\/api.w.org\/{rel}","templated":true}]}}