{"id":28924,"date":"2025-01-28T15:57:49","date_gmt":"2025-01-28T13:57:49","guid":{"rendered":"https:\/\/fifaa.ee\/?post_type=product&#038;p=28924"},"modified":"2026-04-01T16:02:36","modified_gmt":"2026-04-01T13:02:36","slug":"philipsi-65-w-ulikiire-pd-3-pordiline-usb-seinalaadija","status":"publish","type":"product","link":"https:\/\/fifaa.ee\/en\/product\/philipsi-65-w-ulikiire-pd-3-pordiline-usb-seinalaadija\/","title":{"rendered":"Philips 65W ultra fast PD 3-port USB wall charger"},"content":{"rendered":"<p>Tired of waiting hours for your devices to charge? Say goodbye to slow charging and hello to super-fast power with this 65W Super Fast PD Wall Charger with dual Type-C output ports and a USB-A output port. Not only does it charge your smartphones and tablets in an instant, it can also power your laptops, making it the ultimate all-in-one charging solution. With our advanced protection against overheating, overvoltage, and overcurrent, your devices are in safe hands. This wall charger is equipped with GaN (Gallium Nitride) technology, which not only makes it smaller and more portable, but also increases its efficiency. For fast charging, you can charge your device up to 50% in just 30 minutes<\/p>","protected":false},"excerpt":{"rendered":"<p>Kas olete v\u00e4sinud ootamast tundide kaupa, kuni teie seadmed laadivad? Selle 65 W \u00fclikiire PD seinalaadijaga, millel on kaks C-t\u00fc\u00fcpi v\u00e4ljundporti ja USB-A v\u00e4ljundport, j\u00e4tke aeglase laadimisega h\u00fcvasti ja tere \u00fclikiire v\u00f5imsusega. See mitte ainult ei lae teie nutitelefone ja tahvelarvuteid hetkega, vaid v\u00f5ib ka teie s\u00fclearvuteid toitestada, muutes selle parimaks k\u00f5ik-\u00fches laadimislahenduseks. Meie t\u00e4iustatud [&hellip;]<\/p>\n","protected":false},"featured_media":28951,"template":"","meta":{"_acf_changed":false},"product_brand":[],"product_cat":[589,648],"product_tag":[],"class_list":{"0":"post-28924","1":"product","2":"type-product","3":"status-publish","4":"has-post-thumbnail","6":"product_cat-elektroonika","7":"product_cat-laadijad","8":"pa_varv-must","10":"first","11":"instock","12":"taxable","13":"shipping-taxable","14":"purchasable","15":"product-type-variable","16":"has-default-attributes"},"acf":[],"_links":{"self":[{"href":"https:\/\/fifaa.ee\/en\/wp-json\/wp\/v2\/product\/28924","targetHints":{"allow":["GET"]}}],"collection":[{"href":"https:\/\/fifaa.ee\/en\/wp-json\/wp\/v2\/product"}],"about":[{"href":"https:\/\/fifaa.ee\/en\/wp-json\/wp\/v2\/types\/product"}],"wp:featuredmedia":[{"embeddable":true,"href":"https:\/\/fifaa.ee\/en\/wp-json\/wp\/v2\/media\/28951"}],"wp:attachment":[{"href":"https:\/\/fifaa.ee\/en\/wp-json\/wp\/v2\/media?parent=28924"}],"wp:term":[{"taxonomy":"product_brand","embeddable":true,"href":"https:\/\/fifaa.ee\/en\/wp-json\/wp\/v2\/product_brand?post=28924"},{"taxonomy":"product_cat","embeddable":true,"href":"https:\/\/fifaa.ee\/en\/wp-json\/wp\/v2\/product_cat?post=28924"},{"taxonomy":"product_tag","embeddable":true,"href":"https:\/\/fifaa.ee\/en\/wp-json\/wp\/v2\/product_tag?post=28924"}],"curies":[{"name":"wp","href":"https:\/\/api.w.org\/{rel}","templated":true}]}}