{"id":28926,"date":"2025-01-28T15:57:49","date_gmt":"2025-01-28T13:57:49","guid":{"rendered":"https:\/\/fifaa.ee\/?post_type=product&#038;p=28926"},"modified":"2026-04-01T16:03:02","modified_gmt":"2026-04-01T13:03:02","slug":"bambusest-telefoni-alus","status":"publish","type":"product","link":"https:\/\/fifaa.ee\/en\/product\/bambusest-telefoni-alus\/","title":{"rendered":"Bamboo phone stand"},"content":{"rendered":"<p>The phone stand is made of all-natural bamboo. Perfect for your desk or when you work from home.<\/p>","protected":false},"excerpt":{"rendered":"<p>Telefoni alus on valmistatud t\u00e4iesti naturaalsest bambusest. Ideaalne teie lauale v\u00f5i kui t\u00f6\u00f6tate kodus.<\/p>","protected":false},"featured_media":28955,"template":"","meta":{"_acf_changed":false},"product_brand":[],"product_cat":[589],"product_tag":[],"class_list":{"0":"post-28926","1":"product","2":"type-product","3":"status-publish","4":"has-post-thumbnail","6":"product_cat-elektroonika","7":"pa_varv-pruun","9":"first","10":"instock","11":"taxable","12":"shipping-taxable","13":"purchasable","14":"product-type-variable","15":"has-default-attributes"},"acf":[],"_links":{"self":[{"href":"https:\/\/fifaa.ee\/en\/wp-json\/wp\/v2\/product\/28926","targetHints":{"allow":["GET"]}}],"collection":[{"href":"https:\/\/fifaa.ee\/en\/wp-json\/wp\/v2\/product"}],"about":[{"href":"https:\/\/fifaa.ee\/en\/wp-json\/wp\/v2\/types\/product"}],"wp:featuredmedia":[{"embeddable":true,"href":"https:\/\/fifaa.ee\/en\/wp-json\/wp\/v2\/media\/28955"}],"wp:attachment":[{"href":"https:\/\/fifaa.ee\/en\/wp-json\/wp\/v2\/media?parent=28926"}],"wp:term":[{"taxonomy":"product_brand","embeddable":true,"href":"https:\/\/fifaa.ee\/en\/wp-json\/wp\/v2\/product_brand?post=28926"},{"taxonomy":"product_cat","embeddable":true,"href":"https:\/\/fifaa.ee\/en\/wp-json\/wp\/v2\/product_cat?post=28926"},{"taxonomy":"product_tag","embeddable":true,"href":"https:\/\/fifaa.ee\/en\/wp-json\/wp\/v2\/product_tag?post=28926"}],"curies":[{"name":"wp","href":"https:\/\/api.w.org\/{rel}","templated":true}]}}