{"id":28960,"date":"2025-01-28T15:58:05","date_gmt":"2025-01-28T13:58:05","guid":{"rendered":"https:\/\/fifaa.ee\/?post_type=product&#038;p=28960"},"modified":"2026-04-01T16:03:24","modified_gmt":"2026-04-01T13:03:24","slug":"snapstand-rcs-taaskasutatud-plastist-kokkupandav-telefonialus","status":"publish","type":"product","link":"https:\/\/fifaa.ee\/en\/product\/snapstand-rcs-taaskasutatud-plastist-kokkupandav-telefonialus\/","title":{"rendered":"SnapStand RCS recycled plastic foldable phone stand"},"content":{"rendered":"<p>Flat and foldable phone stand made from RCS recycled ABS. The stand is flat and foldable and can be unfolded into a phone stand that can accommodate phones of all sizes. The stand is strong enough to adjust the viewing angle. With silicone cushioning to keep your phone in optimal condition. Total recycled content: 85% of the total weight of the item. RCS certification ensures a fully certified supply chain of recycled materials. Packed in FSC\u00ae packaging. PVC free.<\/p>","protected":false},"excerpt":{"rendered":"<p>RCS-i \u00fcmbert\u00f6\u00f6deldud ABS-ist valmistatud lame ja kokkupandav telefonialus. Alus on tasane ja kokkupandav ning selle saab lahti voltida telefonialuseks, mis mahutab igas suuruses telefone. Statiiv on piisavalt tugev, et reguleerida vaatenurka. Silikoonist pehmendusega telefoni optimaalses seisukorras hoidmiseks. Taaskasutatud kogusisaldus: 85% eseme kogukaalust. RCS-sertifikaat tagab taaskasutatud materjalide t\u00e4ielikult sertifitseeritud tarneahela. Pakitud FSC\u00ae pakendisse. PVC vaba.<\/p>","protected":false},"featured_media":28977,"template":"","meta":{"_acf_changed":false},"product_brand":[],"product_cat":[589],"product_tag":[659],"class_list":{"0":"post-28960","1":"product","2":"type-product","3":"status-publish","4":"has-post-thumbnail","6":"product_cat-elektroonika","7":"product_tag-more-colors","8":"pa_varv-must","9":"pa_varv-valge-new","11":"first","12":"instock","13":"taxable","14":"shipping-taxable","15":"purchasable","16":"product-type-variable","17":"has-default-attributes"},"acf":[],"_links":{"self":[{"href":"https:\/\/fifaa.ee\/en\/wp-json\/wp\/v2\/product\/28960","targetHints":{"allow":["GET"]}}],"collection":[{"href":"https:\/\/fifaa.ee\/en\/wp-json\/wp\/v2\/product"}],"about":[{"href":"https:\/\/fifaa.ee\/en\/wp-json\/wp\/v2\/types\/product"}],"wp:featuredmedia":[{"embeddable":true,"href":"https:\/\/fifaa.ee\/en\/wp-json\/wp\/v2\/media\/28977"}],"wp:attachment":[{"href":"https:\/\/fifaa.ee\/en\/wp-json\/wp\/v2\/media?parent=28960"}],"wp:term":[{"taxonomy":"product_brand","embeddable":true,"href":"https:\/\/fifaa.ee\/en\/wp-json\/wp\/v2\/product_brand?post=28960"},{"taxonomy":"product_cat","embeddable":true,"href":"https:\/\/fifaa.ee\/en\/wp-json\/wp\/v2\/product_cat?post=28960"},{"taxonomy":"product_tag","embeddable":true,"href":"https:\/\/fifaa.ee\/en\/wp-json\/wp\/v2\/product_tag?post=28960"}],"curies":[{"name":"wp","href":"https:\/\/api.w.org\/{rel}","templated":true}]}}