{"id":28963,"date":"2025-01-28T15:58:05","date_gmt":"2025-01-28T13:58:05","guid":{"rendered":"https:\/\/fifaa.ee\/?post_type=product&#038;p=28963"},"modified":"2026-04-01T16:03:24","modified_gmt":"2026-04-01T13:03:24","slug":"findit-rcs-rplastist-uliohuke-taaslaetav-leidjakaart","status":"publish","type":"product","link":"https:\/\/fifaa.ee\/en\/product\/findit-rcs-rplastist-uliohuke-taaslaetav-leidjakaart\/","title":{"rendered":"Findit RCS rplastic ultra-thin finder card rechargeable"},"content":{"rendered":"<p>Never lose your wallet again with the ultra-slim Findit card, featuring integrated Find My technology that seamlessly integrates with Apple\u2019s Find My app. With Findit, you\u2019ll receive an instant notification if you leave your wallet behind. Even if your wallet is completely lost, you can easily track it anywhere in the world using Apple\u2019s Find My network. When you\u2019re nearby, you can activate sound to find its exact location. Findit is IPX5 waterproof and comes with a long-lasting rechargeable battery, making it incredibly convenient. Simply place the 2.3mm card in the wireless charger and in just 1 hour it\u2019s fully charged and ready for up to 6 months \u2013 no need to worry about changing batteries. Findit also has a lower impact, as it\u2019s made from RCS recycled ABS, with a total recycled content of 40% per item. RCS certification ensures a fully certified recycled supply chain, and Findit is packaged in FSC\u00ae mix gift packaging.<\/p>","protected":false},"excerpt":{"rendered":"<p>\u00c4rge kaotage enam kunagi oma rahakotti \u00fcli\u00f5hukese Finditi kaardiga, millel on integreeritud Find My tehnoloogia, mis \u00fchendub sujuvalt Apple&#8217;i rakendusega Find My. Finditi abil saate koheselt teatise, kui j\u00e4tate rahakoti maha. Isegi kui teie rahakott on t\u00e4ielikult kadunud, saate seda Apple&#8217;i v\u00f5rgu Find My abil h\u00f5lpsalt j\u00e4lgida k\u00f5ikjal maailmas. Kui olete l\u00e4hedal, saate heli aktiveerida, [&hellip;]<\/p>\n","protected":false},"featured_media":28985,"template":"","meta":{"_acf_changed":false},"product_brand":[],"product_cat":[589,635],"product_tag":[],"class_list":{"0":"post-28963","1":"product","2":"type-product","3":"status-publish","4":"has-post-thumbnail","6":"product_cat-elektroonika","7":"product_cat-muud-tarvikud","8":"pa_varv-valge-new","10":"first","11":"instock","12":"taxable","13":"shipping-taxable","14":"purchasable","15":"product-type-variable","16":"has-default-attributes"},"acf":[],"_links":{"self":[{"href":"https:\/\/fifaa.ee\/en\/wp-json\/wp\/v2\/product\/28963","targetHints":{"allow":["GET"]}}],"collection":[{"href":"https:\/\/fifaa.ee\/en\/wp-json\/wp\/v2\/product"}],"about":[{"href":"https:\/\/fifaa.ee\/en\/wp-json\/wp\/v2\/types\/product"}],"wp:featuredmedia":[{"embeddable":true,"href":"https:\/\/fifaa.ee\/en\/wp-json\/wp\/v2\/media\/28985"}],"wp:attachment":[{"href":"https:\/\/fifaa.ee\/en\/wp-json\/wp\/v2\/media?parent=28963"}],"wp:term":[{"taxonomy":"product_brand","embeddable":true,"href":"https:\/\/fifaa.ee\/en\/wp-json\/wp\/v2\/product_brand?post=28963"},{"taxonomy":"product_cat","embeddable":true,"href":"https:\/\/fifaa.ee\/en\/wp-json\/wp\/v2\/product_cat?post=28963"},{"taxonomy":"product_tag","embeddable":true,"href":"https:\/\/fifaa.ee\/en\/wp-json\/wp\/v2\/product_tag?post=28963"}],"curies":[{"name":"wp","href":"https:\/\/api.w.org\/{rel}","templated":true}]}}