{"id":28964,"date":"2025-01-28T15:58:05","date_gmt":"2025-01-28T13:58:05","guid":{"rendered":"https:\/\/fifaa.ee\/?post_type=product&#038;p=28964"},"modified":"2026-04-01T16:03:55","modified_gmt":"2026-04-01T13:03:55","slug":"seekcard-rcs-rpoluesterkaardi-rahakott-ulemaailmse-asukohaga","status":"publish","type":"product","link":"https:\/\/fifaa.ee\/en\/product\/seekcard-rcs-rpoluesterkaardi-rahakott-ulemaailmse-asukohaga\/","title":{"rendered":"Seekcard RCS rpolyester card wallet with worldwide locating"},"content":{"rendered":"<p>Never lose your wallet again! Simply connect seekcard to Apple&#039;s Find My app&#039;s integrated Find My technology and you&#039;re good to go! Seekcard helps you if you leave your wallet behind by sending you a direct notification. Have you completely lost your wallet? No problem - easily locate it anywhere in the world using Apple&#039;s Find My network. When you&#039;re nearby, you can activate the unit&#039;s sound to find its exact location. Seekcard is equipped with a long-lasting rechargeable battery. Simply place Seekcard in the wireless charger and charge it in just 1 hour for up to 6 months of use! No need to change batteries! The metal card holder holds up to 3 cards and there&#039;s room for more on the side. Seekcard is made from RCS recycled polyester and aluminum wallet. Total recycled content: 6% of the total weight of the item. RCS certification ensures a fully certified supply chain of recycled materials. Packaged in FSC\u00ae mix gift packaging.<\/p>","protected":false},"excerpt":{"rendered":"<p>\u00c4rge kunagi kaotage oma rahakotti enam kunagi! Lihtsalt \u00fchendage seekcard Apple&#8217;i rakenduse Find My integreeritud Find My tehnoloogiaga ja oletegi valmis! Seekcard aitab teid, kui j\u00e4tate rahakoti maha, saates teile otseteate. Kas olete rahakoti t\u00e4ielikult kaotanud? Pole probleemi \u2013 tuvastage see Apple&#8217;i v\u00f5rgu Find My abil h\u00f5lpsalt k\u00f5ikjal maailmas. Kui olete l\u00e4heduses, saate t\u00e4pse asukoha [&hellip;]<\/p>\n","protected":false},"featured_media":28987,"template":"","meta":{"_acf_changed":false},"product_brand":[],"product_cat":[589,635],"product_tag":[],"class_list":{"0":"post-28964","1":"product","2":"type-product","3":"status-publish","4":"has-post-thumbnail","6":"product_cat-elektroonika","7":"product_cat-muud-tarvikud","8":"pa_varv-must","10":"first","11":"instock","12":"taxable","13":"shipping-taxable","14":"purchasable","15":"product-type-variable","16":"has-default-attributes"},"acf":[],"_links":{"self":[{"href":"https:\/\/fifaa.ee\/en\/wp-json\/wp\/v2\/product\/28964","targetHints":{"allow":["GET"]}}],"collection":[{"href":"https:\/\/fifaa.ee\/en\/wp-json\/wp\/v2\/product"}],"about":[{"href":"https:\/\/fifaa.ee\/en\/wp-json\/wp\/v2\/types\/product"}],"wp:featuredmedia":[{"embeddable":true,"href":"https:\/\/fifaa.ee\/en\/wp-json\/wp\/v2\/media\/28987"}],"wp:attachment":[{"href":"https:\/\/fifaa.ee\/en\/wp-json\/wp\/v2\/media?parent=28964"}],"wp:term":[{"taxonomy":"product_brand","embeddable":true,"href":"https:\/\/fifaa.ee\/en\/wp-json\/wp\/v2\/product_brand?post=28964"},{"taxonomy":"product_cat","embeddable":true,"href":"https:\/\/fifaa.ee\/en\/wp-json\/wp\/v2\/product_cat?post=28964"},{"taxonomy":"product_tag","embeddable":true,"href":"https:\/\/fifaa.ee\/en\/wp-json\/wp\/v2\/product_tag?post=28964"}],"curies":[{"name":"wp","href":"https:\/\/api.w.org\/{rel}","templated":true}]}}