{"id":28965,"date":"2025-01-28T15:58:05","date_gmt":"2025-01-28T13:58:05","guid":{"rendered":"https:\/\/fifaa.ee\/?post_type=product&#038;p=28965"},"modified":"2026-04-01T16:03:55","modified_gmt":"2026-04-01T13:03:55","slug":"findmate-rcs-taaskasutatud-plastist-esemete-otsija","status":"publish","type":"product","link":"https:\/\/fifaa.ee\/en\/product\/findmate-rcs-taaskasutatud-plastist-esemete-otsija\/","title":{"rendered":"FindMate RCS recycled plastic item finder"},"content":{"rendered":"<p>This recycled ABS item finder lets you keep track of your favorite items, no matter where you are in the world. Attach the item finder to your wallet, keys, or add it to your bag, luggage, or even your pet to easily locate it using the Apple Find My App. Compatible with all Apple devices (iphone, ipad, iwatch, MAC) With Lost Mode to notify you when you leave your belongings. With integrated sound signal via speaker to find your devices when you are nearby. Battery life up to 1 year depending on use, after which the CR2032 can be replaced. Packaged in a plastic-free FSC mixed box. Total recycled content: 50% of the total weight of the item. RCS certification ensures a fully certified supply chain of recycled materials. PVC free.<\/p>","protected":false},"excerpt":{"rendered":"<p>Selle taaskasutatud ABS-esemete leidja abil saate j\u00e4lgida oma lemmikesemeid, olenemata sellest, kus maailmas viibite. Kinnitage esemeleidja oma rahakoti, v\u00f5tme k\u00fclge v\u00f5i lisage see kotti, pagasisse v\u00f5i isegi oma lemmiklooma, et seda h\u00f5lpsasti Apple Find My Appi abil leida. \u00dchildub k\u00f5igi Apple&#8217;i seadmetega (iphone, ipad, iwatch, MAC) Kaotatud re\u017eiimiga, et teavitada teid oma asjadest lahkumisest. Integreeritud [&hellip;]<\/p>\n","protected":false},"featured_media":28989,"template":"","meta":{"_acf_changed":false},"product_brand":[],"product_cat":[589,635],"product_tag":[],"class_list":{"0":"post-28965","1":"product","2":"type-product","3":"status-publish","4":"has-post-thumbnail","6":"product_cat-elektroonika","7":"product_cat-muud-tarvikud","8":"pa_varv-valge-new","10":"first","11":"instock","12":"taxable","13":"shipping-taxable","14":"purchasable","15":"product-type-variable","16":"has-default-attributes"},"acf":[],"_links":{"self":[{"href":"https:\/\/fifaa.ee\/en\/wp-json\/wp\/v2\/product\/28965","targetHints":{"allow":["GET"]}}],"collection":[{"href":"https:\/\/fifaa.ee\/en\/wp-json\/wp\/v2\/product"}],"about":[{"href":"https:\/\/fifaa.ee\/en\/wp-json\/wp\/v2\/types\/product"}],"wp:featuredmedia":[{"embeddable":true,"href":"https:\/\/fifaa.ee\/en\/wp-json\/wp\/v2\/media\/28989"}],"wp:attachment":[{"href":"https:\/\/fifaa.ee\/en\/wp-json\/wp\/v2\/media?parent=28965"}],"wp:term":[{"taxonomy":"product_brand","embeddable":true,"href":"https:\/\/fifaa.ee\/en\/wp-json\/wp\/v2\/product_brand?post=28965"},{"taxonomy":"product_cat","embeddable":true,"href":"https:\/\/fifaa.ee\/en\/wp-json\/wp\/v2\/product_cat?post=28965"},{"taxonomy":"product_tag","embeddable":true,"href":"https:\/\/fifaa.ee\/en\/wp-json\/wp\/v2\/product_tag?post=28965"}],"curies":[{"name":"wp","href":"https:\/\/api.w.org\/{rel}","templated":true}]}}