{"id":28966,"date":"2025-01-28T15:58:05","date_gmt":"2025-01-28T13:58:05","guid":{"rendered":"https:\/\/fifaa.ee\/?post_type=product&#038;p=28966"},"modified":"2026-04-01T16:03:55","modified_gmt":"2026-04-01T13:03:55","slug":"pedalfinder-jalgrattakell-ulemaailmse-asukoha-maaramisega","status":"publish","type":"product","link":"https:\/\/fifaa.ee\/en\/product\/pedalfinder-jalgrattakell-ulemaailmse-asukoha-maaramisega\/","title":{"rendered":"Pedalfinder bike bell with worldwide locating"},"content":{"rendered":"<p>Never lose your bike again with Pedal Finder, a bike clock with integrated Find My technology that works seamlessly with Apple\u2019s Find My network. With Pedal Finder, you\u2019ll be instantly notified if your bike is left behind. If it goes missing, you can easily track it anywhere in the world using Apple\u2019s Find My network, and when you\u2019re nearby, simply activate the sound to pinpoint its exact location. Pedal Finder is powered by a set of long-lasting batteries that provide up to 6 months of use before needing to be replaced. Built for durability, it\u2019s also IPX5 waterproof, so you can rely on it in all weather conditions. Combining security and tracking, Pedal Finder ensures your bike is always within reach, providing peace of mind and convenience for every rider. Packaged in FSC\u00ae mix gift packaging.<\/p>","protected":false},"excerpt":{"rendered":"<p>\u00c4rge kunagi kaotage oma jalgratast Pedal Finderiga \u2013 rattakellaga, millel on integreeritud Find My tehnoloogia ja mis t\u00f6\u00f6tab sujuvalt Apple&#8217;i v\u00f5rguga Find My. Pedal Finderiga saate koheselt teate, kui teie jalgratas maha j\u00e4etakse. Kui see kaob, saate seda Apple&#8217;i v\u00f5rgu Find My abil h\u00f5lpsalt j\u00e4lgida k\u00f5ikjal maailmas ja kui olete l\u00e4heduses, aktiveerige selle t\u00e4pseks asukoha [&hellip;]<\/p>\n","protected":false},"featured_media":28991,"template":"","meta":{"_acf_changed":false},"product_brand":[],"product_cat":[589,635],"product_tag":[],"class_list":{"0":"post-28966","1":"product","2":"type-product","3":"status-publish","4":"has-post-thumbnail","6":"product_cat-elektroonika","7":"product_cat-muud-tarvikud","8":"pa_varv-must","10":"first","11":"instock","12":"taxable","13":"shipping-taxable","14":"purchasable","15":"product-type-variable","16":"has-default-attributes"},"acf":[],"_links":{"self":[{"href":"https:\/\/fifaa.ee\/en\/wp-json\/wp\/v2\/product\/28966","targetHints":{"allow":["GET"]}}],"collection":[{"href":"https:\/\/fifaa.ee\/en\/wp-json\/wp\/v2\/product"}],"about":[{"href":"https:\/\/fifaa.ee\/en\/wp-json\/wp\/v2\/types\/product"}],"wp:featuredmedia":[{"embeddable":true,"href":"https:\/\/fifaa.ee\/en\/wp-json\/wp\/v2\/media\/28991"}],"wp:attachment":[{"href":"https:\/\/fifaa.ee\/en\/wp-json\/wp\/v2\/media?parent=28966"}],"wp:term":[{"taxonomy":"product_brand","embeddable":true,"href":"https:\/\/fifaa.ee\/en\/wp-json\/wp\/v2\/product_brand?post=28966"},{"taxonomy":"product_cat","embeddable":true,"href":"https:\/\/fifaa.ee\/en\/wp-json\/wp\/v2\/product_cat?post=28966"},{"taxonomy":"product_tag","embeddable":true,"href":"https:\/\/fifaa.ee\/en\/wp-json\/wp\/v2\/product_tag?post=28966"}],"curies":[{"name":"wp","href":"https:\/\/api.w.org\/{rel}","templated":true}]}}