{"id":28967,"date":"2025-01-28T15:58:05","date_gmt":"2025-01-28T13:58:05","guid":{"rendered":"https:\/\/fifaa.ee\/?post_type=product&#038;p=28967"},"modified":"2026-04-01T16:04:15","modified_gmt":"2026-04-01T13:04:15","slug":"votmeotsija-votmehoidja-ulemaailmse-asukoha-maaramise-ja-usb-c-ga","status":"publish","type":"product","link":"https:\/\/fifaa.ee\/en\/product\/votmeotsija-votmehoidja-ulemaailmse-asukoha-maaramise-ja-usb-c-ga\/","title":{"rendered":"Keyfinder keychain with worldwide locating and USB C"},"content":{"rendered":"<p>Never lose your keys again with the Keyfinder key fob, featuring integrated Find My technology that seamlessly integrates with Apple&#039;s Find My app. With Keyfinder, you&#039;ll be instantly notified if you leave your keys behind. Even if they&#039;re completely lost, you can easily track them anywhere in the world using Apple&#039;s Find My network. When you&#039;re nearby, simply activate the sound to find their exact location. Keyfinder is equipped with a long-lasting rechargeable battery, making it very convenient. You can simply charge it via USB-C, ensuring it&#039;s always ready to help you keep track of your most important items. No need to change batteries. Packaged in FSC\u00ae mix gift packaging.<\/p>","protected":false},"excerpt":{"rendered":"<p>\u00c4rge kaotage oma v\u00f5tmeid enam kunagi Keyfinderi v\u00f5tmehoidjaga, mis sisaldab integreeritud Find My tehnoloogiat, mis \u00fchendub sujuvalt Apple&#8217;i rakendusega Find My. Keyfinderiga saate koheselt m\u00e4rguande, kui j\u00e4tate v\u00f5tmed maha. Isegi kui need on t\u00e4ielikult kadunud, saate neid Apple&#8217;i v\u00f5rgu Find My abil h\u00f5lpsalt j\u00e4lgida k\u00f5ikjal maailmas. Kui olete l\u00e4heduses, aktiveerige nende t\u00e4pse asukoha leidmiseks lihtsalt [&hellip;]<\/p>\n","protected":false},"featured_media":28993,"template":"","meta":{"_acf_changed":false},"product_brand":[],"product_cat":[589,635],"product_tag":[],"class_list":{"0":"post-28967","1":"product","2":"type-product","3":"status-publish","4":"has-post-thumbnail","6":"product_cat-elektroonika","7":"product_cat-muud-tarvikud","8":"pa_varv-must","10":"first","11":"instock","12":"taxable","13":"shipping-taxable","14":"purchasable","15":"product-type-variable","16":"has-default-attributes"},"acf":[],"_links":{"self":[{"href":"https:\/\/fifaa.ee\/en\/wp-json\/wp\/v2\/product\/28967","targetHints":{"allow":["GET"]}}],"collection":[{"href":"https:\/\/fifaa.ee\/en\/wp-json\/wp\/v2\/product"}],"about":[{"href":"https:\/\/fifaa.ee\/en\/wp-json\/wp\/v2\/types\/product"}],"wp:featuredmedia":[{"embeddable":true,"href":"https:\/\/fifaa.ee\/en\/wp-json\/wp\/v2\/media\/28993"}],"wp:attachment":[{"href":"https:\/\/fifaa.ee\/en\/wp-json\/wp\/v2\/media?parent=28967"}],"wp:term":[{"taxonomy":"product_brand","embeddable":true,"href":"https:\/\/fifaa.ee\/en\/wp-json\/wp\/v2\/product_brand?post=28967"},{"taxonomy":"product_cat","embeddable":true,"href":"https:\/\/fifaa.ee\/en\/wp-json\/wp\/v2\/product_cat?post=28967"},{"taxonomy":"product_tag","embeddable":true,"href":"https:\/\/fifaa.ee\/en\/wp-json\/wp\/v2\/product_tag?post=28967"}],"curies":[{"name":"wp","href":"https:\/\/api.w.org\/{rel}","templated":true}]}}