{"id":28968,"date":"2025-01-28T15:58:05","date_gmt":"2025-01-28T13:58:05","guid":{"rendered":"https:\/\/fifaa.ee\/?post_type=product&#038;p=28968"},"modified":"2026-04-01T16:04:15","modified_gmt":"2026-04-01T13:04:15","slug":"terra-rcs-taaskasutatud-alumiiniumist-universaalne-sulearvuti-tahvelarvuti-alus","status":"publish","type":"product","link":"https:\/\/fifaa.ee\/en\/product\/terra-rcs-taaskasutatud-alumiiniumist-universaalne-sulearvuti-tahvelarvuti-alus\/","title":{"rendered":"Terra RCS recycled aluminum universal laptop\/tablet stand"},"content":{"rendered":"<p>Aluminum laptop stand made of RCS (Recycled Claim Standard) certified recycled aluminum and TPU. Total recycled content: 99% of the total weight of the item. RCS certification ensures a fully certified supply chain of recycled materials. The stand is foldable and can accommodate any laptop up to 15.6 inches. The stand can be adjusted to 8 different angles to ensure the optimal ergonomic position when working with your laptop. Aluminum does not lose its properties during recycling and can be recycled indefinitely. Compatible with most common tablets and laptops. With RCS certified recycled TPU strips on the bottom to prevent slipping. Packed in FSC\u00ae mixed packaging.<\/p>","protected":false},"excerpt":{"rendered":"<p>Alumiiniumist s\u00fclearvutialus, mis on valmistatud RCS (Recycled Claim Standard) sertifitseeritud taaskasutatud alumiiniumist ja TPU-st. Taaskasutatud kogusisaldus: 99% eseme kogukaalust. RCS-sertifikaat tagab taaskasutatud materjalide t\u00e4ielikult sertifitseeritud tarneahela. Alus on kokkupandav ja mahutab iga kuni 15,6-tollise s\u00fclearvuti. Statiivi saab reguleerida 8 erineva nurga alla, et tagada optimaalne ergonoomiline asend s\u00fclearvutiga t\u00f6\u00f6tades. Alumiinium ei kaota ringlussev\u00f5tu k\u00e4igus oma [&hellip;]<\/p>\n","protected":false},"featured_media":28995,"template":"","meta":{"_acf_changed":false},"product_brand":[],"product_cat":[589],"product_tag":[],"class_list":{"0":"post-28968","1":"product","2":"type-product","3":"status-publish","4":"has-post-thumbnail","6":"product_cat-elektroonika","7":"pa_varv-hall","9":"first","10":"instock","11":"taxable","12":"shipping-taxable","13":"purchasable","14":"product-type-variable","15":"has-default-attributes"},"acf":[],"_links":{"self":[{"href":"https:\/\/fifaa.ee\/en\/wp-json\/wp\/v2\/product\/28968","targetHints":{"allow":["GET"]}}],"collection":[{"href":"https:\/\/fifaa.ee\/en\/wp-json\/wp\/v2\/product"}],"about":[{"href":"https:\/\/fifaa.ee\/en\/wp-json\/wp\/v2\/types\/product"}],"wp:featuredmedia":[{"embeddable":true,"href":"https:\/\/fifaa.ee\/en\/wp-json\/wp\/v2\/media\/28995"}],"wp:attachment":[{"href":"https:\/\/fifaa.ee\/en\/wp-json\/wp\/v2\/media?parent=28968"}],"wp:term":[{"taxonomy":"product_brand","embeddable":true,"href":"https:\/\/fifaa.ee\/en\/wp-json\/wp\/v2\/product_brand?post=28968"},{"taxonomy":"product_cat","embeddable":true,"href":"https:\/\/fifaa.ee\/en\/wp-json\/wp\/v2\/product_cat?post=28968"},{"taxonomy":"product_tag","embeddable":true,"href":"https:\/\/fifaa.ee\/en\/wp-json\/wp\/v2\/product_tag?post=28968"}],"curies":[{"name":"wp","href":"https:\/\/api.w.org\/{rel}","templated":true}]}}