{"id":28970,"date":"2025-01-28T15:58:05","date_gmt":"2025-01-28T13:58:05","guid":{"rendered":"https:\/\/fifaa.ee\/?post_type=product&#038;p=28970"},"modified":"2025-11-21T10:09:07","modified_gmt":"2025-11-21T08:09:07","slug":"terra-magnetic-rcs-rplastist-magnetiline-telefonihoidja-koos-rongaga","status":"publish","type":"product","link":"https:\/\/fifaa.ee\/en\/product\/terra-magnetic-rcs-rplastist-magnetiline-telefonihoidja-koos-rongaga\/","title":{"rendered":"Terra Magnetic RCS rplastic magnetic phone holder with ring"},"content":{"rendered":"<p>Magnetic phone holder with extra strong magnet. Compatible with all phones with integrated magnet (iPhone 12 and above) For Android compatible with QI2-enabled phones, other phones require a magnetic phone case. The aluminum ring can be folded to turn the phone into a stand (both horizontal and vertical) or a holder to hold the phone. Made from RCS (Recycled Claim Standard) certified recycled plastic and recycled aluminum. Total recycled content: 48% of the total weight of the item. RCS certification ensures a fully certified supply chain of recycled materials. Packed in FSC mixed packaging.<\/p>","protected":false},"excerpt":{"rendered":"<p>Magnetiline telefonihoidja eriti tugeva magnetiga. \u00dchildub k\u00f5igi integreeritud magnetiga kaasas olevate telefonidega (iPhone 12 ja uuemad) Androidi jaoks, mis \u00fchildub QI2 toetavate telefonidega, vajavad teised telefonid magnetilist telefoni\u00fcmbrist. Alumiiniumr\u00f5ngast saab kokku voltida, et muuta telefonist alus (nii horisontaalseks kui vertikaalseks) v\u00f5i hoidjaks telefoni hoidmiseks. Valmistatud RCS (Recycled Claim Standard) sertifitseeritud taaskasutatud plastist ja ringlussev\u00f5etud alumiiniumist. [&hellip;]<\/p>\n","protected":false},"featured_media":28999,"template":"","meta":{"_acf_changed":false},"product_brand":[],"product_cat":[636,589],"product_tag":[],"class_list":{"0":"post-28970","1":"product","2":"type-product","3":"status-publish","4":"has-post-thumbnail","6":"product_cat-arvuti-tarvikud","7":"product_cat-elektroonika","8":"pa_varv-hall","10":"first","11":"instock","12":"taxable","13":"shipping-taxable","14":"purchasable","15":"product-type-variable","16":"has-default-attributes"},"acf":[],"_links":{"self":[{"href":"https:\/\/fifaa.ee\/en\/wp-json\/wp\/v2\/product\/28970","targetHints":{"allow":["GET"]}}],"collection":[{"href":"https:\/\/fifaa.ee\/en\/wp-json\/wp\/v2\/product"}],"about":[{"href":"https:\/\/fifaa.ee\/en\/wp-json\/wp\/v2\/types\/product"}],"wp:featuredmedia":[{"embeddable":true,"href":"https:\/\/fifaa.ee\/en\/wp-json\/wp\/v2\/media\/28999"}],"wp:attachment":[{"href":"https:\/\/fifaa.ee\/en\/wp-json\/wp\/v2\/media?parent=28970"}],"wp:term":[{"taxonomy":"product_brand","embeddable":true,"href":"https:\/\/fifaa.ee\/en\/wp-json\/wp\/v2\/product_brand?post=28970"},{"taxonomy":"product_cat","embeddable":true,"href":"https:\/\/fifaa.ee\/en\/wp-json\/wp\/v2\/product_cat?post=28970"},{"taxonomy":"product_tag","embeddable":true,"href":"https:\/\/fifaa.ee\/en\/wp-json\/wp\/v2\/product_tag?post=28970"}],"curies":[{"name":"wp","href":"https:\/\/api.w.org\/{rel}","templated":true}]}}