{"id":29005,"date":"2025-01-28T15:58:22","date_gmt":"2025-01-28T13:58:22","guid":{"rendered":"https:\/\/fifaa.ee\/?post_type=product&#038;p=29005"},"modified":"2026-04-01T16:04:38","modified_gmt":"2026-04-01T13:04:38","slug":"urban-vitamin-monterey-rcs-taaskasutatud-plastist-20w-gan-laadija","status":"publish","type":"product","link":"https:\/\/fifaa.ee\/en\/product\/urban-vitamin-monterey-rcs-taaskasutatud-plastist-20w-gan-laadija\/","title":{"rendered":"Urban Vitamin Monterey RCS recycled plastic 20W GAN charger"},"content":{"rendered":"<p>Meet the best USB charger you could ask for. The Monterey is a 20W PD GAN charger with EU plug, featuring a super-fast Type-C port and an additional USB A port for ultimate versatility. GAN is a new charging technology that allows for much smaller size, less heat, which is much safer, and higher energy efficiency for powerful adapters, so less energy is wasted in the charging process. The Monterey is made with RCS (Recycled Claim Standard) certified recycled fireproof PC. Total recycled content: 38% of the total weight of the item. Urban Vitamin products are made without PVC and packaged in reduced plastic packaging<\/p>","protected":false},"excerpt":{"rendered":"<p>Tutvuge parima USB-laadijaga, mida v\u00f5ite k\u00fcsida. Monterey on EL-pistikuga 20 W PD GAN-laadija, millel on \u00fclikiire C-t\u00fc\u00fcpi port ja t\u00e4iendav USB A-port, mis tagab \u00fclima mitmek\u00fclgsuse. GAN on uus laadimistehnoloogia, mis v\u00f5imaldab v\u00f5imsate adapterite jaoks palju v\u00e4iksemat suurust, v\u00e4hem soojust, mis on palju ohutum ja suuremat energiat\u00f5husust, nii et laadimisprotsessis l\u00e4heb v\u00e4hem energiat. Monterey on [&hellip;]<\/p>\n","protected":false},"featured_media":29021,"template":"","meta":{"_acf_changed":false},"product_brand":[],"product_cat":[589,648],"product_tag":[],"class_list":{"0":"post-29005","1":"product","2":"type-product","3":"status-publish","4":"has-post-thumbnail","6":"product_cat-elektroonika","7":"product_cat-laadijad","8":"pa_varv-must","10":"first","11":"instock","12":"taxable","13":"shipping-taxable","14":"purchasable","15":"product-type-variable","16":"has-default-attributes"},"acf":[],"_links":{"self":[{"href":"https:\/\/fifaa.ee\/en\/wp-json\/wp\/v2\/product\/29005","targetHints":{"allow":["GET"]}}],"collection":[{"href":"https:\/\/fifaa.ee\/en\/wp-json\/wp\/v2\/product"}],"about":[{"href":"https:\/\/fifaa.ee\/en\/wp-json\/wp\/v2\/types\/product"}],"wp:featuredmedia":[{"embeddable":true,"href":"https:\/\/fifaa.ee\/en\/wp-json\/wp\/v2\/media\/29021"}],"wp:attachment":[{"href":"https:\/\/fifaa.ee\/en\/wp-json\/wp\/v2\/media?parent=29005"}],"wp:term":[{"taxonomy":"product_brand","embeddable":true,"href":"https:\/\/fifaa.ee\/en\/wp-json\/wp\/v2\/product_brand?post=29005"},{"taxonomy":"product_cat","embeddable":true,"href":"https:\/\/fifaa.ee\/en\/wp-json\/wp\/v2\/product_cat?post=29005"},{"taxonomy":"product_tag","embeddable":true,"href":"https:\/\/fifaa.ee\/en\/wp-json\/wp\/v2\/product_tag?post=29005"}],"curies":[{"name":"wp","href":"https:\/\/api.w.org\/{rel}","templated":true}]}}