{"id":29007,"date":"2025-01-28T15:58:22","date_gmt":"2025-01-28T13:58:22","guid":{"rendered":"https:\/\/fifaa.ee\/?post_type=product&#038;p=29007"},"modified":"2026-04-01T16:05:01","modified_gmt":"2026-04-01T13:05:01","slug":"urban-vitamin-eureka-hubriid-gancharger-10000mah-akupank-65w","status":"publish","type":"product","link":"https:\/\/fifaa.ee\/en\/product\/urban-vitamin-eureka-hubriid-gancharger-10000mah-akupank-65w\/","title":{"rendered":"Urban Vitamin Eureka hybrid GANcharger 10000mah power bank 65W"},"content":{"rendered":"<p>Hybrid charging has arrived with the ultimate GAN charger that offers super fast 65W charging. Eureka can be used as both a power bank and a 65W GAN wall charger. Plug it into a wall outlet at home or while traveling and charge any device, even your laptop, at amazing speeds. The power bank charges itself while your devices are charging. Unplug it to leave home with a fully charged 10,000mAh power bank. GAN is a new charging technology that allows for much smaller size, less heat, which is much safer, and higher energy efficiency for powerful adapters, so less energy is wasted in the charging process. Eureka comes with 1 USB A port, 1 Type-C port, and 1 integrated Type-C cable. With US, EU, UK adapters to take it anywhere. Eureka is made with RCS (Recycled Claim Standard) certified recycled fireproof PC. Total recycled content: 22% of the total weight of the item. Urban Vitamin products are made without PVC and packaged in reduced plastic packaging<\/p>","protected":false},"excerpt":{"rendered":"<p>H\u00fcbriidlaadimine on saabunud \u00fclima GAN-laadijaga, mis pakub \u00fclikiiret 65 W laadimist. Eurekat saab kasutada nii elektripangana kui ka 65 GAN seinalaadijana. \u00dchendage see kodus v\u00f5i reisi ajal seinakontakti ja laadige h\u00e4mmastava kiirusega mis tahes seadet, isegi s\u00fclearvutit. Seadmete laadimise ajal laaditakse akupank ise. Eemaldage see pistikupesast, et lahkuda kodust t\u00e4ielikult laetud 10 000 mAh akupangaga. [&hellip;]<\/p>\n","protected":false},"featured_media":29025,"template":"","meta":{"_acf_changed":false},"product_brand":[],"product_cat":[589,590],"product_tag":[],"class_list":{"0":"post-29007","1":"product","2":"type-product","3":"status-publish","4":"has-post-thumbnail","6":"product_cat-elektroonika","7":"product_cat-akupangad","8":"pa_varv-must","10":"first","11":"instock","12":"taxable","13":"shipping-taxable","14":"purchasable","15":"product-type-variable","16":"has-default-attributes"},"acf":[],"_links":{"self":[{"href":"https:\/\/fifaa.ee\/en\/wp-json\/wp\/v2\/product\/29007","targetHints":{"allow":["GET"]}}],"collection":[{"href":"https:\/\/fifaa.ee\/en\/wp-json\/wp\/v2\/product"}],"about":[{"href":"https:\/\/fifaa.ee\/en\/wp-json\/wp\/v2\/types\/product"}],"wp:featuredmedia":[{"embeddable":true,"href":"https:\/\/fifaa.ee\/en\/wp-json\/wp\/v2\/media\/29025"}],"wp:attachment":[{"href":"https:\/\/fifaa.ee\/en\/wp-json\/wp\/v2\/media?parent=29007"}],"wp:term":[{"taxonomy":"product_brand","embeddable":true,"href":"https:\/\/fifaa.ee\/en\/wp-json\/wp\/v2\/product_brand?post=29007"},{"taxonomy":"product_cat","embeddable":true,"href":"https:\/\/fifaa.ee\/en\/wp-json\/wp\/v2\/product_cat?post=29007"},{"taxonomy":"product_tag","embeddable":true,"href":"https:\/\/fifaa.ee\/en\/wp-json\/wp\/v2\/product_tag?post=29007"}],"curies":[{"name":"wp","href":"https:\/\/api.w.org\/{rel}","templated":true}]}}