{"id":29013,"date":"2025-01-28T15:58:22","date_gmt":"2025-01-28T13:58:22","guid":{"rendered":"https:\/\/fifaa.ee\/?post_type=product&#038;p=29013"},"modified":"2026-04-01T16:05:22","modified_gmt":"2026-04-01T13:05:22","slug":"korgi-ja-nisu-6-uhes-sissetommatav-kaabel","status":"publish","type":"product","link":"https:\/\/fifaa.ee\/en\/product\/korgi-ja-nisu-6-uhes-sissetommatav-kaabel\/","title":{"rendered":"Cork and Wheat 6-in-1 retractable cable"},"content":{"rendered":"<p>A uniquely designed retractable cable that allows you to charge any type of item from any type of USB source. Made of cork and wheat straw (35%) mixed with ABS and PVC-free TPE cable. The cable is perfect for newer generation phone chargers and Macbooks that only have a Type-C output due to the Type-C input. The cable also has a regular USB A input. Output: Type-C and double-sided connector for IOS and Android devices. Maximum cable length: 100 cm. Product 100% PVC-free.<\/p>","protected":false},"excerpt":{"rendered":"<p>Unikaalse disainiga \u00fclest\u00f5mmatav kaabel, mis v\u00f5imaldab laadida mis tahes t\u00fc\u00fcpi elemente mis tahes t\u00fc\u00fcpi USB-allikast. Valmistatud korgist ja nisuk\u00f5rtest (35%), mis on segatud ABS- ja PVC-vaba TPE-kaabliga. Kaabel sobib suurep\u00e4raselt uuema p\u00f5lvkonna telefonilaadijatele ja Macbook-arvutitele, millel on C-t\u00fc\u00fcpi sisendi t\u00f5ttu ainult C-t\u00fc\u00fcpi v\u00e4ljund. Kaablil on ka tavaline USB A sisend. V\u00e4ljund: C-t\u00fc\u00fcpi ja kahepoolne pistik [&hellip;]<\/p>\n","protected":false},"featured_media":29041,"template":"","meta":{"_acf_changed":false},"product_brand":[],"product_cat":[589],"product_tag":[],"class_list":{"0":"post-29013","1":"product","2":"type-product","3":"status-publish","4":"has-post-thumbnail","6":"product_cat-elektroonika","7":"pa_varv-kollane","8":"pa_varv-roheline","10":"first","11":"instock","12":"taxable","13":"shipping-taxable","14":"purchasable","15":"product-type-variable","16":"has-default-attributes"},"acf":[],"_links":{"self":[{"href":"https:\/\/fifaa.ee\/en\/wp-json\/wp\/v2\/product\/29013","targetHints":{"allow":["GET"]}}],"collection":[{"href":"https:\/\/fifaa.ee\/en\/wp-json\/wp\/v2\/product"}],"about":[{"href":"https:\/\/fifaa.ee\/en\/wp-json\/wp\/v2\/types\/product"}],"wp:featuredmedia":[{"embeddable":true,"href":"https:\/\/fifaa.ee\/en\/wp-json\/wp\/v2\/media\/29041"}],"wp:attachment":[{"href":"https:\/\/fifaa.ee\/en\/wp-json\/wp\/v2\/media?parent=29013"}],"wp:term":[{"taxonomy":"product_brand","embeddable":true,"href":"https:\/\/fifaa.ee\/en\/wp-json\/wp\/v2\/product_brand?post=29013"},{"taxonomy":"product_cat","embeddable":true,"href":"https:\/\/fifaa.ee\/en\/wp-json\/wp\/v2\/product_cat?post=29013"},{"taxonomy":"product_tag","embeddable":true,"href":"https:\/\/fifaa.ee\/en\/wp-json\/wp\/v2\/product_tag?post=29013"}],"curies":[{"name":"wp","href":"https:\/\/api.w.org\/{rel}","templated":true}]}}