{"id":29049,"date":"2025-01-28T15:58:39","date_gmt":"2025-01-28T13:58:39","guid":{"rendered":"https:\/\/fifaa.ee\/?post_type=product&#038;p=29049"},"modified":"2026-04-01T16:05:42","modified_gmt":"2026-04-01T13:05:42","slug":"rcs-taaskasutatud-plastist-ontario-6-in-1-kaabel","status":"publish","type":"product","link":"https:\/\/fifaa.ee\/en\/product\/rcs-taaskasutatud-plastist-ontario-6-in-1-kaabel\/","title":{"rendered":"RCS recycled plastic Ontario 6-in-1 cable"},"content":{"rendered":"<p>The 120 cm multi-cable is made from certified recycled materials. It comes with 5 different connectors: USB C input, USB A input, Type C output, IOS output and micro USB output. This allows the cable to also be used with Type C output devices that come with newer generation phones and Macbooks. The cable also has a USB A output input, so it can be used to charge any device from any output source. The housing is made from FSC\u00ae bamboo and 100% RCS certified recycled ABS cables made from 100% RCS certified RCS TPE material. Total recycled content: 62% of the total weight of the item. Maximum cable length: 120 cm. Packed in FSC\u00ae blended kraft sleeve packaging. PVC free.<\/p>","protected":false},"excerpt":{"rendered":"<p>120 cm pikkune multikaabel on valmistatud sertifitseeritud taaskasutatud materjalidest. Kaasas 5 erinevat pistikut: USB C sisend, USB A sisend, C t\u00fc\u00fcpi v\u00e4ljund, IOS v\u00e4ljund ja mikro USB v\u00e4ljund. See v\u00f5imaldab kaablit kasutada ka C-t\u00fc\u00fcpi v\u00e4ljundseadmetega, mis on kaasas uuema p\u00f5lvkonna telefonidele ja Macbook arvutitele. Kaablil on ka USB A v\u00e4ljundsisend, nii et sellega saab laadida [&hellip;]<\/p>\n","protected":false},"featured_media":29063,"template":"","meta":{"_acf_changed":false},"product_brand":[],"product_cat":[589],"product_tag":[],"class_list":{"0":"post-29049","1":"product","2":"type-product","3":"status-publish","4":"has-post-thumbnail","6":"product_cat-elektroonika","7":"pa_varv-valge-new","9":"first","10":"instock","11":"taxable","12":"shipping-taxable","13":"purchasable","14":"product-type-variable","15":"has-default-attributes"},"acf":[],"_links":{"self":[{"href":"https:\/\/fifaa.ee\/en\/wp-json\/wp\/v2\/product\/29049","targetHints":{"allow":["GET"]}}],"collection":[{"href":"https:\/\/fifaa.ee\/en\/wp-json\/wp\/v2\/product"}],"about":[{"href":"https:\/\/fifaa.ee\/en\/wp-json\/wp\/v2\/types\/product"}],"wp:featuredmedia":[{"embeddable":true,"href":"https:\/\/fifaa.ee\/en\/wp-json\/wp\/v2\/media\/29063"}],"wp:attachment":[{"href":"https:\/\/fifaa.ee\/en\/wp-json\/wp\/v2\/media?parent=29049"}],"wp:term":[{"taxonomy":"product_brand","embeddable":true,"href":"https:\/\/fifaa.ee\/en\/wp-json\/wp\/v2\/product_brand?post=29049"},{"taxonomy":"product_cat","embeddable":true,"href":"https:\/\/fifaa.ee\/en\/wp-json\/wp\/v2\/product_cat?post=29049"},{"taxonomy":"product_tag","embeddable":true,"href":"https:\/\/fifaa.ee\/en\/wp-json\/wp\/v2\/product_tag?post=29049"}],"curies":[{"name":"wp","href":"https:\/\/api.w.org\/{rel}","templated":true}]}}