{"id":29051,"date":"2025-01-28T15:58:39","date_gmt":"2025-01-28T13:58:39","guid":{"rendered":"https:\/\/fifaa.ee\/?post_type=product&#038;p=29051"},"modified":"2026-04-01T16:05:42","modified_gmt":"2026-04-01T13:05:42","slug":"rcs-ringlussevoetud-tpe-ja-taaskasutatud-plastist-6-in-1-kaabel","status":"publish","type":"product","link":"https:\/\/fifaa.ee\/en\/product\/rcs-ringlussevoetud-tpe-ja-taaskasutatud-plastist-6-in-1-kaabel\/","title":{"rendered":"RCS recycled TPE and recycled plastic 6-in-1 cable"},"content":{"rendered":"<p>6-in-1 charging cable with a body made of 100% RCS-standard recycled ABS plastic and a 120 cm cable made of 100% recycled TPE. RCS (Recycled Claim Standard) is a standard for verifying the recycled content of a product throughout the supply chain. Total recycled content: 57% of the total weight of the item. The cable has 5 different connectors: USB C input, USB-A input, Type-C output, IOS output and micro USB output. This allows the cable to be used with Type-C output devices that come with newer generation phones and Macbooks. The cable also has a USB A output input, so it can charge any device from any output source. 100% PVC free. Packed in FSC\u00ae mixed packaging.<\/p>","protected":false},"excerpt":{"rendered":"<p>6-\u00fches laadimiskaabel, mille korpus on valmistatud 100% RCS-standardi taaskasutatud ABS-plastist ja 120 cm kaabel on valmistatud 100% taaskasutatud TPE-st. RCS (Recycled Claim Standard) on standard toote ringlussev\u00f5etud sisu kontrollimiseks kogu tarneahelas. Kogu ringlussev\u00f5etud sisu: 57% eseme kogukaalust. Kaablil on 5 erinevat pistikut: USB C-sisend, USB-A-sisend, C-t\u00fc\u00fcpi v\u00e4ljund, IOS-v\u00e4ljund ja mikro-USB-v\u00e4ljund. See v\u00f5imaldab kasutada kaablit C-t\u00fc\u00fcpi [&hellip;]<\/p>\n","protected":false},"featured_media":29067,"template":"","meta":{"_acf_changed":false},"product_brand":[],"product_cat":[589],"product_tag":[],"class_list":{"0":"post-29051","1":"product","2":"type-product","3":"status-publish","4":"has-post-thumbnail","6":"product_cat-elektroonika","7":"pa_varv-must","9":"first","10":"instock","11":"taxable","12":"shipping-taxable","13":"purchasable","14":"product-type-variable","15":"has-default-attributes"},"acf":[],"_links":{"self":[{"href":"https:\/\/fifaa.ee\/en\/wp-json\/wp\/v2\/product\/29051","targetHints":{"allow":["GET"]}}],"collection":[{"href":"https:\/\/fifaa.ee\/en\/wp-json\/wp\/v2\/product"}],"about":[{"href":"https:\/\/fifaa.ee\/en\/wp-json\/wp\/v2\/types\/product"}],"wp:featuredmedia":[{"embeddable":true,"href":"https:\/\/fifaa.ee\/en\/wp-json\/wp\/v2\/media\/29067"}],"wp:attachment":[{"href":"https:\/\/fifaa.ee\/en\/wp-json\/wp\/v2\/media?parent=29051"}],"wp:term":[{"taxonomy":"product_brand","embeddable":true,"href":"https:\/\/fifaa.ee\/en\/wp-json\/wp\/v2\/product_brand?post=29051"},{"taxonomy":"product_cat","embeddable":true,"href":"https:\/\/fifaa.ee\/en\/wp-json\/wp\/v2\/product_cat?post=29051"},{"taxonomy":"product_tag","embeddable":true,"href":"https:\/\/fifaa.ee\/en\/wp-json\/wp\/v2\/product_tag?post=29051"}],"curies":[{"name":"wp","href":"https:\/\/api.w.org\/{rel}","templated":true}]}}