{"id":29052,"date":"2025-01-28T15:58:39","date_gmt":"2025-01-28T13:58:39","guid":{"rendered":"https:\/\/fifaa.ee\/?post_type=product&#038;p=29052"},"modified":"2026-04-01T16:05:42","modified_gmt":"2026-04-01T13:05:42","slug":"datalock-rcs-taaskasutatud-60-w-hakkimiskaitsekaabel","status":"publish","type":"product","link":"https:\/\/fifaa.ee\/en\/product\/datalock-rcs-taaskasutatud-60-w-hakkimiskaitsekaabel\/","title":{"rendered":"Datalock RCS recycled 60W hacking protection cable"},"content":{"rendered":"<p>60W charging and data cable that can charge all your mobile devices at top speed and even supports laptop charging. The cable has a unique integrated button to turn off the data transfer function when using the cable in a public place to prevent data theft or hackers from accessing your phone. Simply press the button to activate the protection mode. The cable is made of recycled TPE, PET, ABS and recycled aluminum. 120 CM long and supports Car Play and Android auto (Type C to Type C only). Total recycled content: 52% of the total weight of the item. RCS certification ensures a fully certified supply chain of recycled materials. Packed in FSC mixed packaging. PVC free.<\/p>","protected":false},"excerpt":{"rendered":"<p>60 W laadimis- ja andmekaabel, mis suudab laadida k\u00f5iki teie mobiilseadmeid tippkiirusel ja toetab isegi s\u00fclearvuti laadimist. Kaablil on ainulaadne integreeritud nupp andmeedastusfunktsiooni v\u00e4ljal\u00fclitamiseks, kui kasutate kaablit avalikus kohas, et v\u00e4ltida andmevargust v\u00f5i h\u00e4kkerite juurdep\u00e4\u00e4su teie telefonile. Kaitsere\u017eiimi aktiveerimiseks vajutage lihtsalt nuppu. Kaabel on valmistatud taaskasutatud TPE-st, PET-st, ABS-ist ja taaskasutatud alumiiniumist. 120 CM pikkune [&hellip;]<\/p>\n","protected":false},"featured_media":29069,"template":"","meta":{"_acf_changed":false},"product_brand":[],"product_cat":[589],"product_tag":[],"class_list":{"0":"post-29052","1":"product","2":"type-product","3":"status-publish","4":"has-post-thumbnail","6":"product_cat-elektroonika","7":"pa_varv-must","9":"first","10":"instock","11":"taxable","12":"shipping-taxable","13":"purchasable","14":"product-type-variable","15":"has-default-attributes"},"acf":[],"_links":{"self":[{"href":"https:\/\/fifaa.ee\/en\/wp-json\/wp\/v2\/product\/29052","targetHints":{"allow":["GET"]}}],"collection":[{"href":"https:\/\/fifaa.ee\/en\/wp-json\/wp\/v2\/product"}],"about":[{"href":"https:\/\/fifaa.ee\/en\/wp-json\/wp\/v2\/types\/product"}],"wp:featuredmedia":[{"embeddable":true,"href":"https:\/\/fifaa.ee\/en\/wp-json\/wp\/v2\/media\/29069"}],"wp:attachment":[{"href":"https:\/\/fifaa.ee\/en\/wp-json\/wp\/v2\/media?parent=29052"}],"wp:term":[{"taxonomy":"product_brand","embeddable":true,"href":"https:\/\/fifaa.ee\/en\/wp-json\/wp\/v2\/product_brand?post=29052"},{"taxonomy":"product_cat","embeddable":true,"href":"https:\/\/fifaa.ee\/en\/wp-json\/wp\/v2\/product_cat?post=29052"},{"taxonomy":"product_tag","embeddable":true,"href":"https:\/\/fifaa.ee\/en\/wp-json\/wp\/v2\/product_tag?post=29052"}],"curies":[{"name":"wp","href":"https:\/\/api.w.org\/{rel}","templated":true}]}}