{"id":29053,"date":"2025-01-28T15:58:39","date_gmt":"2025-01-28T13:58:39","guid":{"rendered":"https:\/\/fifaa.ee\/?post_type=product&#038;p=29053"},"modified":"2026-04-01T16:06:03","modified_gmt":"2026-04-01T13:06:03","slug":"terra-rcs-taaskasutatud-pet-telefonijuhe-60w-kahe-laadimiskaabliga","status":"publish","type":"product","link":"https:\/\/fifaa.ee\/en\/product\/terra-rcs-taaskasutatud-pet-telefonijuhe-60w-kahe-laadimiskaabliga\/","title":{"rendered":"Terra RCS recycled PET phone cord with 60W dual charge cable"},"content":{"rendered":"<p>Stay charged with the Terra Universal Phone Cable. This versatile accessory combines the convenience of a neckband with the functionality of a high-performance charging and data cable. Perfect for anyone on the go, this universal cable is designed to support both USB-C and iOS devices, making it ideal for multi-device users. Type-C input with two Type-C and iOS outputs, ensuring you can charge a variety of devices. Enjoy up to 60W of power (Type-C to Type-C), allowing you to charge your device with 20V\/3A maximum current for faster charging. Sync data and enjoy Android Auto compatibility. Total recycled content: 61% of the total weight of the item. RCS certification ensures a fully certified supply chain of recycled materials. Packaged in plastic-free envelope packaging. PVC free.<\/p>","protected":false},"excerpt":{"rendered":"<p>Olge Terra universaalse telefonijuhtmega laetud. See mitmek\u00fclgne tarvik \u00fchendab kaelapaela mugavuse suure j\u00f5udlusega laadimis- ja andmekaabli funktsionaalsusega. See universaalne juhe, mis sobib ideaalselt k\u00f5igile liikvel olevatele inimestele, on loodud toetama nii USB-C kui ka iOS-i seadmeid, muutes selle ideaalseks mitme seadme kasutaja jaoks. C-t\u00fc\u00fcpi sisend kahe C-t\u00fc\u00fcpi ja iOS-i v\u00e4ljundiga, mis tagab, et saate laadida [&hellip;]<\/p>\n","protected":false},"featured_media":29071,"template":"","meta":{"_acf_changed":false},"product_brand":[],"product_cat":[589],"product_tag":[],"class_list":{"0":"post-29053","1":"product","2":"type-product","3":"status-publish","4":"has-post-thumbnail","6":"product_cat-elektroonika","7":"pa_varv-hall","9":"first","10":"instock","11":"taxable","12":"shipping-taxable","13":"purchasable","14":"product-type-variable","15":"has-default-attributes"},"acf":[],"_links":{"self":[{"href":"https:\/\/fifaa.ee\/en\/wp-json\/wp\/v2\/product\/29053","targetHints":{"allow":["GET"]}}],"collection":[{"href":"https:\/\/fifaa.ee\/en\/wp-json\/wp\/v2\/product"}],"about":[{"href":"https:\/\/fifaa.ee\/en\/wp-json\/wp\/v2\/types\/product"}],"wp:featuredmedia":[{"embeddable":true,"href":"https:\/\/fifaa.ee\/en\/wp-json\/wp\/v2\/media\/29071"}],"wp:attachment":[{"href":"https:\/\/fifaa.ee\/en\/wp-json\/wp\/v2\/media?parent=29053"}],"wp:term":[{"taxonomy":"product_brand","embeddable":true,"href":"https:\/\/fifaa.ee\/en\/wp-json\/wp\/v2\/product_brand?post=29053"},{"taxonomy":"product_cat","embeddable":true,"href":"https:\/\/fifaa.ee\/en\/wp-json\/wp\/v2\/product_cat?post=29053"},{"taxonomy":"product_tag","embeddable":true,"href":"https:\/\/fifaa.ee\/en\/wp-json\/wp\/v2\/product_tag?post=29053"}],"curies":[{"name":"wp","href":"https:\/\/api.w.org\/{rel}","templated":true}]}}