{"id":29054,"date":"2025-01-28T15:58:39","date_gmt":"2025-01-28T13:58:39","guid":{"rendered":"https:\/\/fifaa.ee\/?post_type=product&#038;p=29054"},"modified":"2026-04-01T16:06:03","modified_gmt":"2026-04-01T13:06:03","slug":"rcs-taaskasutatud-plastist-10w-juhtmevaba-laadimisega-autohoidik","status":"publish","type":"product","link":"https:\/\/fifaa.ee\/en\/product\/rcs-taaskasutatud-plastist-10w-juhtmevaba-laadimisega-autohoidik\/","title":{"rendered":"RCS recycled plastic 10W wireless charging car holder"},"content":{"rendered":"<p>Fast 10W wireless car charger made from RCS (Recycled Claim Standard) certified recycled ABS. Total recycled content: 73% of the total weight of the item. RCS certification ensures a fully certified supply chain of recycled materials. Wireless charging is compatible with the latest generations of Android, iPhone 8 and above. Product and accessories PVC-free. Including 100 cm Type-C charging cable made from RCS certified recycled TPE. Packed in FSC\u00ae mix kraft box. Type-C in; 9V\/2A; Wireless output 9V\/1.1A (10W) Fits most common phones up to 6.5&quot;.<\/p>","protected":false},"excerpt":{"rendered":"<p>Kiire 10 W juhtmeta autolaadija, mis on valmistatud RCS (Recycled Claim Standard) sertifitseeritud taaskasutatud ABS-ist. Taaskasutatud kogusisaldus: 73% eseme kogukaalust. RCS-sertifikaat tagab taaskasutatud materjalide t\u00e4ielikult sertifitseeritud tarneahela. Juhtmeta laadimine \u00fchildub Androidi uusimate p\u00f5lvkondade, iPhone 8 ja uuemate versioonidega. Toode ja tarvikud PVC-vaba. Kaasa arvatud 100 cm C-t\u00fc\u00fcpi laadimiskaabel, mis on valmistatud RCS-sertifikaadiga taaskasutatud TPE-st. Pakitud [&hellip;]<\/p>\n","protected":false},"featured_media":29073,"template":"","meta":{"_acf_changed":false},"product_brand":[],"product_cat":[589,647],"product_tag":[],"class_list":{"0":"post-29054","1":"product","2":"type-product","3":"status-publish","4":"has-post-thumbnail","6":"product_cat-elektroonika","7":"product_cat-juhtmevabad-laadijad","8":"pa_varv-must","10":"first","11":"instock","12":"taxable","13":"shipping-taxable","14":"purchasable","15":"product-type-variable","16":"has-default-attributes"},"acf":[],"_links":{"self":[{"href":"https:\/\/fifaa.ee\/en\/wp-json\/wp\/v2\/product\/29054","targetHints":{"allow":["GET"]}}],"collection":[{"href":"https:\/\/fifaa.ee\/en\/wp-json\/wp\/v2\/product"}],"about":[{"href":"https:\/\/fifaa.ee\/en\/wp-json\/wp\/v2\/types\/product"}],"wp:featuredmedia":[{"embeddable":true,"href":"https:\/\/fifaa.ee\/en\/wp-json\/wp\/v2\/media\/29073"}],"wp:attachment":[{"href":"https:\/\/fifaa.ee\/en\/wp-json\/wp\/v2\/media?parent=29054"}],"wp:term":[{"taxonomy":"product_brand","embeddable":true,"href":"https:\/\/fifaa.ee\/en\/wp-json\/wp\/v2\/product_brand?post=29054"},{"taxonomy":"product_cat","embeddable":true,"href":"https:\/\/fifaa.ee\/en\/wp-json\/wp\/v2\/product_cat?post=29054"},{"taxonomy":"product_tag","embeddable":true,"href":"https:\/\/fifaa.ee\/en\/wp-json\/wp\/v2\/product_tag?post=29054"}],"curies":[{"name":"wp","href":"https:\/\/api.w.org\/{rel}","templated":true}]}}