{"id":29056,"date":"2025-01-28T15:58:39","date_gmt":"2025-01-28T13:58:39","guid":{"rendered":"https:\/\/fifaa.ee\/?post_type=product&#038;p=29056"},"modified":"2026-04-01T16:06:03","modified_gmt":"2026-04-01T13:06:03","slug":"10-w-bambusest-magnetiline-juhtmevaba-laadija","status":"publish","type":"product","link":"https:\/\/fifaa.ee\/en\/product\/10-w-bambusest-magnetiline-juhtmevaba-laadija\/","title":{"rendered":"10W bamboo magnetic wireless charger"},"content":{"rendered":"<p>To charge your device, attach this magnetic wireless charger to the back of your iPhone 12. The magnets are perfectly aligned to ensure your phone is always in the correct charging position. The bamboo 10W wireless charger is compatible with all QI devices (iPhone 8 and above and Android devices), so it can also be used as a regular wireless charger on other phones. Comes with a 100 cm TPE micro-USB cable. Product and accessories PVC-free. Input DC 5V\/1.5A; Output 5V\/2.0A (10W) Integrated 11 pcs of high-quality N52H heat-resistant magnets.<\/p>","protected":false},"excerpt":{"rendered":"<p>Seadme laadimiseks kinnitage see magnetiline juhtmeta laadija iPhone 12 tagak\u00fcljele. Magnetid on ideaalselt joondatud, et tagada alati teie telefoni \u00f5ige laadimisasend. Bambusest 10W juhtmevaba laadija \u00fchildub k\u00f5igi QI seadmetega (Iphone 8 ja uuemad ning Android seadmed), seega saab seda kasutada ka teistel telefonidel tavalise juhtmevaba laadijana. Kaasas 100 cm TPE materjalist mikro-USB kaabel. Toode ja [&hellip;]<\/p>\n","protected":false},"featured_media":29077,"template":"","meta":{"_acf_changed":false},"product_brand":[],"product_cat":[589,647],"product_tag":[],"class_list":{"0":"post-29056","1":"product","2":"type-product","3":"status-publish","4":"has-post-thumbnail","6":"product_cat-elektroonika","7":"product_cat-juhtmevabad-laadijad","8":"pa_varv-pruun","10":"first","11":"instock","12":"taxable","13":"shipping-taxable","14":"purchasable","15":"product-type-variable","16":"has-default-attributes"},"acf":[],"_links":{"self":[{"href":"https:\/\/fifaa.ee\/en\/wp-json\/wp\/v2\/product\/29056","targetHints":{"allow":["GET"]}}],"collection":[{"href":"https:\/\/fifaa.ee\/en\/wp-json\/wp\/v2\/product"}],"about":[{"href":"https:\/\/fifaa.ee\/en\/wp-json\/wp\/v2\/types\/product"}],"wp:featuredmedia":[{"embeddable":true,"href":"https:\/\/fifaa.ee\/en\/wp-json\/wp\/v2\/media\/29077"}],"wp:attachment":[{"href":"https:\/\/fifaa.ee\/en\/wp-json\/wp\/v2\/media?parent=29056"}],"wp:term":[{"taxonomy":"product_brand","embeddable":true,"href":"https:\/\/fifaa.ee\/en\/wp-json\/wp\/v2\/product_brand?post=29056"},{"taxonomy":"product_cat","embeddable":true,"href":"https:\/\/fifaa.ee\/en\/wp-json\/wp\/v2\/product_cat?post=29056"},{"taxonomy":"product_tag","embeddable":true,"href":"https:\/\/fifaa.ee\/en\/wp-json\/wp\/v2\/product_tag?post=29056"}],"curies":[{"name":"wp","href":"https:\/\/api.w.org\/{rel}","templated":true}]}}