{"id":29057,"date":"2025-01-28T15:58:39","date_gmt":"2025-01-28T13:58:39","guid":{"rendered":"https:\/\/fifaa.ee\/?post_type=product&#038;p=29057"},"modified":"2026-04-01T16:06:03","modified_gmt":"2026-04-01T13:06:03","slug":"terra-rcs-taaskasutatud-pet-3-meetrine-neli-uhes-kaabel","status":"publish","type":"product","link":"https:\/\/fifaa.ee\/en\/product\/terra-rcs-taaskasutatud-pet-3-meetrine-neli-uhes-kaabel\/","title":{"rendered":"Terra RCS recycled PET 3 meter 4-in-1 cable"},"content":{"rendered":"<p>Extra long 3m charging cable made from RCS (Recycled Claim Standard) certified recycled aluminium, recycled TPE, recycled ABS and recycled PET. Total recycled content: 53% of the total weight of the item. RCS certification ensures a fully certified supply chain of recycled materials. Aluminium does not lose its properties during recycling and can be recycled indefinitely. With dual input connectors: USB A and Type-C. Dual output: Apple Lightning and Type C. Total of 4 charging options. RCS certified braided recycled PET cable with a length of 300cm. Packed in FSC\u00ae mixed packaging. Suitable for charging only. Supports charging up to 5V\/2A. 100% PVC free.<\/p>","protected":false},"excerpt":{"rendered":"<p>Eriti pikk 3-meetrine laadimiskaabel, mis on valmistatud RCS-i (Recycled Claim Standard) sertifitseeritud taaskasutatud alumiiniumist, taaskasutatud TPE-st, ringlussev\u00f5etud ABS-ist ja taaskasutatud lemmikloomast. Taaskasutatud kogusisaldus: 53% eseme kogukaalust. RCS-sertifikaat tagab taaskasutatud materjalide t\u00e4ielikult sertifitseeritud tarneahela. Alumiinium ei kaota ringlussev\u00f5tu k\u00e4igus oma omadusi ja seda saab ringlusse v\u00f5tta l\u00f5putult. Kahe sisendiga pistikuga: USB A ja t\u00fc\u00fcp-C. Topeltv\u00e4ljund: Apple [&hellip;]<\/p>\n","protected":false},"featured_media":29079,"template":"","meta":{"_acf_changed":false},"product_brand":[],"product_cat":[589],"product_tag":[],"class_list":{"0":"post-29057","1":"product","2":"type-product","3":"status-publish","4":"has-post-thumbnail","6":"product_cat-elektroonika","7":"pa_varv-hall","9":"first","10":"instock","11":"taxable","12":"shipping-taxable","13":"purchasable","14":"product-type-variable","15":"has-default-attributes"},"acf":[],"_links":{"self":[{"href":"https:\/\/fifaa.ee\/en\/wp-json\/wp\/v2\/product\/29057","targetHints":{"allow":["GET"]}}],"collection":[{"href":"https:\/\/fifaa.ee\/en\/wp-json\/wp\/v2\/product"}],"about":[{"href":"https:\/\/fifaa.ee\/en\/wp-json\/wp\/v2\/types\/product"}],"wp:featuredmedia":[{"embeddable":true,"href":"https:\/\/fifaa.ee\/en\/wp-json\/wp\/v2\/media\/29079"}],"wp:attachment":[{"href":"https:\/\/fifaa.ee\/en\/wp-json\/wp\/v2\/media?parent=29057"}],"wp:term":[{"taxonomy":"product_brand","embeddable":true,"href":"https:\/\/fifaa.ee\/en\/wp-json\/wp\/v2\/product_brand?post=29057"},{"taxonomy":"product_cat","embeddable":true,"href":"https:\/\/fifaa.ee\/en\/wp-json\/wp\/v2\/product_cat?post=29057"},{"taxonomy":"product_tag","embeddable":true,"href":"https:\/\/fifaa.ee\/en\/wp-json\/wp\/v2\/product_tag?post=29057"}],"curies":[{"name":"wp","href":"https:\/\/api.w.org\/{rel}","templated":true}]}}