{"id":29095,"date":"2025-01-28T15:58:56","date_gmt":"2025-01-28T13:58:56","guid":{"rendered":"https:\/\/fifaa.ee\/?post_type=product&#038;p=29095"},"modified":"2026-04-01T16:06:51","modified_gmt":"2026-04-01T13:06:51","slug":"urban-vitamin-stockton-65w-rcs-rtpe-rpet-magnetkaabel","status":"publish","type":"product","link":"https:\/\/fifaa.ee\/en\/product\/urban-vitamin-stockton-65w-rcs-rtpe-rpet-magnetkaabel\/","title":{"rendered":"Urban Vitamin Stockton 65W RCS RTPE\/RPET magnetic cable"},"content":{"rendered":"<p>The ultimate 120cm magnetic charging cable delivers seamless connectivity and unparalleled convenience! Say goodbye to tangled cables with the Stockton, designed to transform your charging experience. Its magnetic design makes cable management easier, prevents cable tangles, and is portable enough to take with you anywhere. The Stockton caters to your on-the-go lifestyle by offering both USB Type-C and USB-A inputs, ensuring compatibility with a variety of devices. With iOS and Type-C outputs, it\u2019s versatile enough to charge your iPhone, Android device, or laptop! The Stockton is more than just a charging cable; it\u2019s your go-to for seamless data transfer, syncing files, photos, and music between devices at lightning speed. With a powerful 65W charging capacity, it\u2019s a game-changer for both mobile devices and laptops. The Stockton is made from RCS (Recycled Claim Standard) certified recycled ABS. Total recycled content: 55% of the total weight of the item. Urban Vitamin products are made without PVC and packaged in reduced plastic packaging<\/p>","protected":false},"excerpt":{"rendered":"<p>\u00dclim 120 cm magnetiline laadimiskaabel tagab sujuva \u00fchenduvuse ja v\u00f5rreldamatu mugavuse! \u00d6elge h\u00fcvasti sassis kaablitega Stocktoniga, mis on loodud teie laadimiskogemuse muutmiseks. Selle magnetiline disain lihtsustab kaablite haldamist, v\u00e4ldib kaablite sassi sattumist ja on kaasaskantav k\u00f5ikjale kaasa v\u00f5tta. Stockton vastab teie liikvel olevale elustiilile, pakkudes nii USB Type-C kui ka USB-A sisendeid, tagades \u00fchilduvuse erinevate [&hellip;]<\/p>\n","protected":false},"featured_media":29109,"template":"","meta":{"_acf_changed":false},"product_brand":[],"product_cat":[589],"product_tag":[659],"class_list":{"0":"post-29095","1":"product","2":"type-product","3":"status-publish","4":"has-post-thumbnail","6":"product_cat-elektroonika","7":"product_tag-more-colors","8":"pa_varv-must","9":"pa_varv-valge-new","11":"first","12":"instock","13":"taxable","14":"shipping-taxable","15":"purchasable","16":"product-type-variable","17":"has-default-attributes"},"acf":[],"_links":{"self":[{"href":"https:\/\/fifaa.ee\/en\/wp-json\/wp\/v2\/product\/29095","targetHints":{"allow":["GET"]}}],"collection":[{"href":"https:\/\/fifaa.ee\/en\/wp-json\/wp\/v2\/product"}],"about":[{"href":"https:\/\/fifaa.ee\/en\/wp-json\/wp\/v2\/types\/product"}],"wp:featuredmedia":[{"embeddable":true,"href":"https:\/\/fifaa.ee\/en\/wp-json\/wp\/v2\/media\/29109"}],"wp:attachment":[{"href":"https:\/\/fifaa.ee\/en\/wp-json\/wp\/v2\/media?parent=29095"}],"wp:term":[{"taxonomy":"product_brand","embeddable":true,"href":"https:\/\/fifaa.ee\/en\/wp-json\/wp\/v2\/product_brand?post=29095"},{"taxonomy":"product_cat","embeddable":true,"href":"https:\/\/fifaa.ee\/en\/wp-json\/wp\/v2\/product_cat?post=29095"},{"taxonomy":"product_tag","embeddable":true,"href":"https:\/\/fifaa.ee\/en\/wp-json\/wp\/v2\/product_tag?post=29095"}],"curies":[{"name":"wp","href":"https:\/\/api.w.org\/{rel}","templated":true}]}}