{"id":29096,"date":"2025-01-28T15:58:56","date_gmt":"2025-01-28T13:58:56","guid":{"rendered":"https:\/\/fifaa.ee\/?post_type=product&#038;p=29096"},"modified":"2026-04-01T16:06:51","modified_gmt":"2026-04-01T13:06:51","slug":"terra-rcs-taaskasutatud-alumiiniumist-sissetommatav-6-uhes-kaabel","status":"publish","type":"product","link":"https:\/\/fifaa.ee\/en\/product\/terra-rcs-taaskasutatud-alumiiniumist-sissetommatav-6-uhes-kaabel\/","title":{"rendered":"Terra RCS recycled aluminum retractable 6 in 1 cable"},"content":{"rendered":"<p>Retractable charging and data cable made from RCS (Recycled Claim Standard) certified recycled aluminum, recycled TPE and recycled PET. Total recycled content: 68% of the total weight of the item. RCS certification ensures a fully certified supply chain of recycled materials. Aluminum does not lose its properties during recycling and can be recycled indefinitely. With two input connectors: USB A and Type-C. Triple output: Apple Lightning\/Micro and Type C, providing a total of 6 charging options. With RCS certified braided recycled PET cables with a fully extended length of 100 cm. Packed in FSC\u00ae mixed packaging. Suitable for charging, syncing and compatible with car play (Type-C to Type-C only). Supports fast charging up to 45W.<\/p>","protected":false},"excerpt":{"rendered":"<p>Sisset\u00f5mmatav laadimis- ja andmekaabel, mis on valmistatud RCS-i (Recycled Claim Standard) sertifitseeritud taaskasutatud alumiiniumist, taaskasutatud TPE-st ja taaskasutatud lemmikloomast. Taaskasutatud kogusisaldus: 68% eseme kogukaalust. RCS-sertifikaat tagab taaskasutatud materjalide t\u00e4ielikult sertifitseeritud tarneahela. Alumiinium ei kaota ringlussev\u00f5tu k\u00e4igus oma omadusi ja seda saab ringlusse v\u00f5tta l\u00f5putult. Kahe sisendiga pistikuga: USB A ja t\u00fc\u00fcp-C. Kolmekordne v\u00e4ljund: Apple Lightning\/Micro [&hellip;]<\/p>\n","protected":false},"featured_media":29113,"template":"","meta":{"_acf_changed":false},"product_brand":[],"product_cat":[589],"product_tag":[],"class_list":{"0":"post-29096","1":"product","2":"type-product","3":"status-publish","4":"has-post-thumbnail","6":"product_cat-elektroonika","7":"pa_varv-hall","9":"first","10":"instock","11":"taxable","12":"shipping-taxable","13":"purchasable","14":"product-type-variable","15":"has-default-attributes"},"acf":[],"_links":{"self":[{"href":"https:\/\/fifaa.ee\/en\/wp-json\/wp\/v2\/product\/29096","targetHints":{"allow":["GET"]}}],"collection":[{"href":"https:\/\/fifaa.ee\/en\/wp-json\/wp\/v2\/product"}],"about":[{"href":"https:\/\/fifaa.ee\/en\/wp-json\/wp\/v2\/types\/product"}],"wp:featuredmedia":[{"embeddable":true,"href":"https:\/\/fifaa.ee\/en\/wp-json\/wp\/v2\/media\/29113"}],"wp:attachment":[{"href":"https:\/\/fifaa.ee\/en\/wp-json\/wp\/v2\/media?parent=29096"}],"wp:term":[{"taxonomy":"product_brand","embeddable":true,"href":"https:\/\/fifaa.ee\/en\/wp-json\/wp\/v2\/product_brand?post=29096"},{"taxonomy":"product_cat","embeddable":true,"href":"https:\/\/fifaa.ee\/en\/wp-json\/wp\/v2\/product_cat?post=29096"},{"taxonomy":"product_tag","embeddable":true,"href":"https:\/\/fifaa.ee\/en\/wp-json\/wp\/v2\/product_tag?post=29096"}],"curies":[{"name":"wp","href":"https:\/\/api.w.org\/{rel}","templated":true}]}}