{"id":29097,"date":"2025-01-28T15:58:56","date_gmt":"2025-01-28T13:58:56","guid":{"rendered":"https:\/\/fifaa.ee\/?post_type=product&#038;p=29097"},"modified":"2026-04-01T16:06:51","modified_gmt":"2026-04-01T13:06:51","slug":"terra-taaskasutatud-alumiiniumist-4-in-1-60-w-kiirlaadimiskaabel","status":"publish","type":"product","link":"https:\/\/fifaa.ee\/en\/product\/terra-taaskasutatud-alumiiniumist-4-in-1-60-w-kiirlaadimiskaabel\/","title":{"rendered":"Terra recycled aluminum 4 in 1 60W fast charging cable"},"content":{"rendered":"<p>Fast Charging 4-in-1 Keychain Cable made from RCS Recycled TPE, Recycled Aluminum Alloy and Recycled PET. With USB Type-A and Type-C input and IOS and Type-C output, it is suitable for charging multiple types of items. This small-sized cable supports 60W fast charging. The included keychain ring makes it easy to attach to your keychain. There are magnets inside the connectors to keep them together when you carry them. Total Recycled Content: 60% of the total weight of the item. RCS certification ensures a fully certified supply chain of recycled materials. Maximum supported current 20V\/3A; Packaged in a plastic-free envelope packaging. PVC free.<\/p>","protected":false},"excerpt":{"rendered":"<p>Kiirlaadimine 4-in-1 v\u00f5tmehoidja kaabel, mis on valmistatud RCS-i ringlussev\u00f5etud TPE-st, ringlussev\u00f5etud alumiiniumisulamist ja taaskasutatud PET-st. USB A- ja C-t\u00fc\u00fcpi sisendi ning IOS-i ja C-t\u00fc\u00fcpi v\u00e4ljundiga sobib mitut t\u00fc\u00fcpi esemete laadimiseks. See v\u00e4ikese suurusega kaabel toetab 60 W kiiret laadimist. Kaasasoleva v\u00f5tmehoidja r\u00f5nga abil on lihtne v\u00f5tmehoidja k\u00fclge kinnitada. \u00dchenduste sees on magnetid, mis hoiavad neid [&hellip;]<\/p>\n","protected":false},"featured_media":29115,"template":"","meta":{"_acf_changed":false},"product_brand":[],"product_cat":[589],"product_tag":[],"class_list":{"0":"post-29097","1":"product","2":"type-product","3":"status-publish","4":"has-post-thumbnail","6":"product_cat-elektroonika","7":"pa_varv-hall","9":"first","10":"instock","11":"taxable","12":"shipping-taxable","13":"purchasable","14":"product-type-variable","15":"has-default-attributes"},"acf":[],"_links":{"self":[{"href":"https:\/\/fifaa.ee\/en\/wp-json\/wp\/v2\/product\/29097","targetHints":{"allow":["GET"]}}],"collection":[{"href":"https:\/\/fifaa.ee\/en\/wp-json\/wp\/v2\/product"}],"about":[{"href":"https:\/\/fifaa.ee\/en\/wp-json\/wp\/v2\/types\/product"}],"wp:featuredmedia":[{"embeddable":true,"href":"https:\/\/fifaa.ee\/en\/wp-json\/wp\/v2\/media\/29115"}],"wp:attachment":[{"href":"https:\/\/fifaa.ee\/en\/wp-json\/wp\/v2\/media?parent=29097"}],"wp:term":[{"taxonomy":"product_brand","embeddable":true,"href":"https:\/\/fifaa.ee\/en\/wp-json\/wp\/v2\/product_brand?post=29097"},{"taxonomy":"product_cat","embeddable":true,"href":"https:\/\/fifaa.ee\/en\/wp-json\/wp\/v2\/product_cat?post=29097"},{"taxonomy":"product_tag","embeddable":true,"href":"https:\/\/fifaa.ee\/en\/wp-json\/wp\/v2\/product_tag?post=29097"}],"curies":[{"name":"wp","href":"https:\/\/api.w.org\/{rel}","templated":true}]}}