{"id":29098,"date":"2025-01-28T15:58:56","date_gmt":"2025-01-28T13:58:56","guid":{"rendered":"https:\/\/fifaa.ee\/?post_type=product&#038;p=29098"},"modified":"2026-04-01T16:07:21","modified_gmt":"2026-04-01T13:07:21","slug":"acar-rcs-taaskasutatud-plastikust-360-kraadi-autotelefoni-hoidik","status":"publish","type":"product","link":"https:\/\/fifaa.ee\/en\/product\/acar-rcs-taaskasutatud-plastikust-360-kraadi-autotelefoni-hoidik\/","title":{"rendered":"Acar RCS recycled plastic 360 degree car phone holder"},"content":{"rendered":"<p>Universal and 360 degree rotating car mount made from RCS (Recycled Claim Standard) certified recycled ABS. Total recycled content: 37% of the total weight of the item. RCS certification ensures a fully certified supply chain of recycled materials. Simply click onto your air vent unit and place your mobile phone (up to 6\u2033) in the holder. Made from heat resistant recycled ABS and strong silicone to ensure the item is long lasting and prevents it from falling off the air vent while driving. Inside is a stainless steel mechanism to ensure your phone stays in place<\/p>","protected":false},"excerpt":{"rendered":"<p>Universaalne ja 360 kraadi p\u00f6\u00f6ratav autokinnitus, mis on valmistatud RCS (Recycled Claim Standard) sertifitseeritud taaskasutatud ABS-ist. Taaskasutatud kogusisaldus: 37% eseme kogukaalust. RCS-sertifikaat tagab taaskasutatud materjalide t\u00e4ielikult sertifitseeritud tarneahela. Lihtsalt kl\u00f5psake oma \u00f5hutusava \u00fcksusel ja asetage mobiiltelefon (kuni 6&#8243;) hoidikusse. Valmistatud kuumakindlast ringlussev\u00f5etud ABS-st ja tugevast silikoonist, et ese oleks kauakestev ja ei lase sellel s\u00f5idu [&hellip;]<\/p>\n","protected":false},"featured_media":29117,"template":"","meta":{"_acf_changed":false},"product_brand":[],"product_cat":[624,584],"product_tag":[659],"class_list":{"0":"post-29098","1":"product","2":"type-product","3":"status-publish","4":"has-post-thumbnail","6":"product_cat-auto-ja-jalgratta-tarvikud","7":"product_cat-autotarvikud","8":"product_tag-more-colors","9":"pa_varv-must","10":"pa_varv-valge-new","12":"first","13":"instock","14":"taxable","15":"shipping-taxable","16":"purchasable","17":"product-type-variable","18":"has-default-attributes"},"acf":[],"_links":{"self":[{"href":"https:\/\/fifaa.ee\/en\/wp-json\/wp\/v2\/product\/29098","targetHints":{"allow":["GET"]}}],"collection":[{"href":"https:\/\/fifaa.ee\/en\/wp-json\/wp\/v2\/product"}],"about":[{"href":"https:\/\/fifaa.ee\/en\/wp-json\/wp\/v2\/types\/product"}],"wp:featuredmedia":[{"embeddable":true,"href":"https:\/\/fifaa.ee\/en\/wp-json\/wp\/v2\/media\/29117"}],"wp:attachment":[{"href":"https:\/\/fifaa.ee\/en\/wp-json\/wp\/v2\/media?parent=29098"}],"wp:term":[{"taxonomy":"product_brand","embeddable":true,"href":"https:\/\/fifaa.ee\/en\/wp-json\/wp\/v2\/product_brand?post=29098"},{"taxonomy":"product_cat","embeddable":true,"href":"https:\/\/fifaa.ee\/en\/wp-json\/wp\/v2\/product_cat?post=29098"},{"taxonomy":"product_tag","embeddable":true,"href":"https:\/\/fifaa.ee\/en\/wp-json\/wp\/v2\/product_tag?post=29098"}],"curies":[{"name":"wp","href":"https:\/\/api.w.org\/{rel}","templated":true}]}}