{"id":29099,"date":"2025-01-28T15:58:56","date_gmt":"2025-01-28T13:58:56","guid":{"rendered":"https:\/\/fifaa.ee\/?post_type=product&#038;p=29099"},"modified":"2026-04-01T16:07:21","modified_gmt":"2026-04-01T13:07:21","slug":"ohio-rcs-sertifikaadiga-taaskasutatud-plastist-6-uhes-kaabel","status":"publish","type":"product","link":"https:\/\/fifaa.ee\/en\/product\/ohio-rcs-sertifikaadiga-taaskasutatud-plastist-6-uhes-kaabel\/","title":{"rendered":"Ohio RCS certified recycled plastic 6-in-1 cable"},"content":{"rendered":"<p>120 cm long luxury multi-cable made from certified recycled materials. Comes with 4 different connectors: USB C input, USB-A input, Type-C output, IOS output and micro USB output. This allows the cable to be used with Type-C output devices that come with newer generation phones and Macbooks. The cable also has a USB A output input, so you can charge any device from any output source. The housing and connectors are made from FSC\u00ae Cherry wood and RCS certified recycled polyester cables (external material) and RCS certified recycled TPE (internal material). Total recycled content: 46% of the total weight of the item. Maximum cable length: 120 cm. Packed in FSC\u00ae blended kraft sleeve packaging. PVC free. Suitable for charging and syncing. Maximum supported current 5V\/2A.<\/p>","protected":false},"excerpt":{"rendered":"<p>120 cm pikkune luksuslik multikaabel, mis on valmistatud sertifitseeritud taaskasutatud materjalidest. Kaasas 4 erinevat pistikut: USB C-sisend, USB-A-sisend, C-t\u00fc\u00fcpi v\u00e4ljund, IOS-v\u00e4ljund ja mikro-USB-v\u00e4ljund. See v\u00f5imaldab kaablit kasutada ka C-t\u00fc\u00fcpi v\u00e4ljundseadmetega, mis on kaasas uuema p\u00f5lvkonna telefonidele ja Macbook arvutitele. Kaablil on ka USB A v\u00e4ljundsisend, nii et sellega saab laadida mis tahes seadet mis tahes [&hellip;]<\/p>\n","protected":false},"featured_media":29121,"template":"","meta":{"_acf_changed":false},"product_brand":[],"product_cat":[589],"product_tag":[],"class_list":{"0":"post-29099","1":"product","2":"type-product","3":"status-publish","4":"has-post-thumbnail","6":"product_cat-elektroonika","7":"pa_varv-must","9":"first","10":"instock","11":"taxable","12":"shipping-taxable","13":"purchasable","14":"product-type-variable","15":"has-default-attributes"},"acf":[],"_links":{"self":[{"href":"https:\/\/fifaa.ee\/en\/wp-json\/wp\/v2\/product\/29099","targetHints":{"allow":["GET"]}}],"collection":[{"href":"https:\/\/fifaa.ee\/en\/wp-json\/wp\/v2\/product"}],"about":[{"href":"https:\/\/fifaa.ee\/en\/wp-json\/wp\/v2\/types\/product"}],"wp:featuredmedia":[{"embeddable":true,"href":"https:\/\/fifaa.ee\/en\/wp-json\/wp\/v2\/media\/29121"}],"wp:attachment":[{"href":"https:\/\/fifaa.ee\/en\/wp-json\/wp\/v2\/media?parent=29099"}],"wp:term":[{"taxonomy":"product_brand","embeddable":true,"href":"https:\/\/fifaa.ee\/en\/wp-json\/wp\/v2\/product_brand?post=29099"},{"taxonomy":"product_cat","embeddable":true,"href":"https:\/\/fifaa.ee\/en\/wp-json\/wp\/v2\/product_cat?post=29099"},{"taxonomy":"product_tag","embeddable":true,"href":"https:\/\/fifaa.ee\/en\/wp-json\/wp\/v2\/product_tag?post=29099"}],"curies":[{"name":"wp","href":"https:\/\/api.w.org\/{rel}","templated":true}]}}