{"id":29102,"date":"2025-01-28T15:58:56","date_gmt":"2025-01-28T13:58:56","guid":{"rendered":"https:\/\/fifaa.ee\/?post_type=product&#038;p=29102"},"modified":"2026-04-01T16:07:43","modified_gmt":"2026-04-01T13:07:43","slug":"bambusest-5w-ummargune-juhtmevaba-laadija","status":"publish","type":"product","link":"https:\/\/fifaa.ee\/en\/product\/bambusest-5w-ummargune-juhtmevaba-laadija\/","title":{"rendered":"Bamboo 5W round wireless charger"},"content":{"rendered":"<p>Charge your mobile devices without connecting a cable with this 100% FSC\u00ae certified 5W wireless charger. Simply place your mobile phone on the pad and wait for the charging notification to appear. Compatible with all QI-enabled devices, such as Android latest generation, iPhone 8 and above. Input: 5V\/2A. Wireless output: 5V\/1A. Includes 150 cm RCS recycled TPE micro USB cable. Product and accessories 100% PVC-free. Packed in FSC\u00aemix packaging.<\/p>","protected":false},"excerpt":{"rendered":"<p>Laadige oma mobiilseadmeid ilma kaablit \u00fchendamata selle 100% FSC\u00ae sertifikaadiga 5W juhtmevaba laadijaga. Lihtsalt asetage oma mobiiltelefon padjale ja oodake, kuni kuvatakse laadimisteade. \u00dchildub k\u00f5igi QI-toega seadmetega, nagu Android uusim p\u00f5lvkond, iPhone 8 ja uuemad. Sisend: 5V\/2A. Juhtmeta v\u00e4ljund: 5V\/1A. Kaasa arvatud 150 cm RCS taaskasutatud TPE mikro-USB kaabel. Toode ja tarvikud 100% PVC-vaba. Pakitud [&hellip;]<\/p>\n","protected":false},"featured_media":29127,"template":"","meta":{"_acf_changed":false},"product_brand":[],"product_cat":[589,647],"product_tag":[],"class_list":{"0":"post-29102","1":"product","2":"type-product","3":"status-publish","4":"has-post-thumbnail","6":"product_cat-elektroonika","7":"product_cat-juhtmevabad-laadijad","8":"pa_varv-pruun","10":"first","11":"instock","12":"taxable","13":"shipping-taxable","14":"purchasable","15":"product-type-variable","16":"has-default-attributes"},"acf":[],"_links":{"self":[{"href":"https:\/\/fifaa.ee\/en\/wp-json\/wp\/v2\/product\/29102","targetHints":{"allow":["GET"]}}],"collection":[{"href":"https:\/\/fifaa.ee\/en\/wp-json\/wp\/v2\/product"}],"about":[{"href":"https:\/\/fifaa.ee\/en\/wp-json\/wp\/v2\/types\/product"}],"wp:featuredmedia":[{"embeddable":true,"href":"https:\/\/fifaa.ee\/en\/wp-json\/wp\/v2\/media\/29127"}],"wp:attachment":[{"href":"https:\/\/fifaa.ee\/en\/wp-json\/wp\/v2\/media?parent=29102"}],"wp:term":[{"taxonomy":"product_brand","embeddable":true,"href":"https:\/\/fifaa.ee\/en\/wp-json\/wp\/v2\/product_brand?post=29102"},{"taxonomy":"product_cat","embeddable":true,"href":"https:\/\/fifaa.ee\/en\/wp-json\/wp\/v2\/product_cat?post=29102"},{"taxonomy":"product_tag","embeddable":true,"href":"https:\/\/fifaa.ee\/en\/wp-json\/wp\/v2\/product_tag?post=29102"}],"curies":[{"name":"wp","href":"https:\/\/api.w.org\/{rel}","templated":true}]}}