{"id":29105,"date":"2025-01-28T15:58:56","date_gmt":"2025-01-28T13:58:56","guid":{"rendered":"https:\/\/fifaa.ee\/?post_type=product&#038;p=29105"},"modified":"2026-04-01T16:07:43","modified_gmt":"2026-04-01T13:07:43","slug":"kahe-sisendiga-rcs-taaskasutatud-plastist-usb-jaotur","status":"publish","type":"product","link":"https:\/\/fifaa.ee\/en\/product\/kahe-sisendiga-rcs-taaskasutatud-plastist-usb-jaotur\/","title":{"rendered":"RCS recycled plastic USB hub with dual input"},"content":{"rendered":"<p>USB hub with a housing made of 100% RCS-certified recycled ABS plastic. RCS (Recycled Claim Standard) is a standard for verifying the recycled content of a product throughout the supply chain. With 3 USB A 2.0 ports and 1 Type-C port. The HUB has an integrated 8.5 cm cable made of 100% recycled RCS-certified TPE material. Total recycled content: 50% of the total weight of the item. With two input connectors, so suitable for both Type-C and USB Type-A computers. Product and accessories 100% PVC-free. Packed in FSC mixed packaging<\/p>","protected":false},"excerpt":{"rendered":"<p>USB-jaotur, mille korpus on valmistatud 100% RCS-standardi taaskasutatud ABS-plastist. RCS (Recycled Claim Standard) on standard toote ringlussev\u00f5etud sisu kontrollimiseks kogu tarneahelas. 3 USB A 2.0 pordi ja 1 C-t\u00fc\u00fcpi pordiga. HUB-il on integreeritud 8,5 cm kaabel, mis on valmistatud 100% taaskasutatud RCS-sertifikaadiga TPE materjalist. Taaskasutatud kogusisaldus: 50% eseme kogukaalust. Kahe sisendiga pistikuga, seega sobib nii [&hellip;]<\/p>\n","protected":false},"featured_media":29133,"template":"","meta":{"_acf_changed":false},"product_brand":[],"product_cat":[589,591],"product_tag":[],"class_list":{"0":"post-29105","1":"product","2":"type-product","3":"status-publish","4":"has-post-thumbnail","6":"product_cat-elektroonika","7":"product_cat-hubid","8":"pa_varv-must","10":"first","11":"instock","12":"taxable","13":"shipping-taxable","14":"purchasable","15":"product-type-variable","16":"has-default-attributes"},"acf":[],"_links":{"self":[{"href":"https:\/\/fifaa.ee\/en\/wp-json\/wp\/v2\/product\/29105","targetHints":{"allow":["GET"]}}],"collection":[{"href":"https:\/\/fifaa.ee\/en\/wp-json\/wp\/v2\/product"}],"about":[{"href":"https:\/\/fifaa.ee\/en\/wp-json\/wp\/v2\/types\/product"}],"wp:featuredmedia":[{"embeddable":true,"href":"https:\/\/fifaa.ee\/en\/wp-json\/wp\/v2\/media\/29133"}],"wp:attachment":[{"href":"https:\/\/fifaa.ee\/en\/wp-json\/wp\/v2\/media?parent=29105"}],"wp:term":[{"taxonomy":"product_brand","embeddable":true,"href":"https:\/\/fifaa.ee\/en\/wp-json\/wp\/v2\/product_brand?post=29105"},{"taxonomy":"product_cat","embeddable":true,"href":"https:\/\/fifaa.ee\/en\/wp-json\/wp\/v2\/product_cat?post=29105"},{"taxonomy":"product_tag","embeddable":true,"href":"https:\/\/fifaa.ee\/en\/wp-json\/wp\/v2\/product_tag?post=29105"}],"curies":[{"name":"wp","href":"https:\/\/api.w.org\/{rel}","templated":true}]}}