{"id":29143,"date":"2025-01-28T15:59:12","date_gmt":"2025-01-28T13:59:12","guid":{"rendered":"https:\/\/fifaa.ee\/?post_type=product&#038;p=29143"},"modified":"2026-04-01T16:08:06","modified_gmt":"2026-04-01T13:08:06","slug":"bambusest-10-w-juhtmevaba-laadija-usb-ga","status":"publish","type":"product","link":"https:\/\/fifaa.ee\/en\/product\/bambusest-10-w-juhtmevaba-laadija-usb-ga\/","title":{"rendered":"Bamboo 10W wireless charger with USB"},"content":{"rendered":"<p>Fast 10W wireless charger FSC\u00ae 100% with bamboo exterior. Includes two USB ports on the front. Wireless charging compatible with the latest generations of Android, iPhone 8 and above. Product and accessories PVC-free. Includes 150cm Type-C charging cable made of RCS certified recycled TPE. Packed in FSC\u00ae mix kraft box. Type-C in; Input 5V\/2A; 9V\/2A; Wireless output 5V\/1A;9V\/1.1A (10W) USB A output: DC5V\/2A<\/p>","protected":false},"excerpt":{"rendered":"<p>Kiire 10 W juhtmevaba laadija FSC\u00ae 100% bambusest v\u00e4lispinnaga. Kaasa arvatud kaks USB-porti ees. Juhtmeta laadimine \u00fchildub Androidi uusimate p\u00f5lvkondade, iPhone 8 ja uuemate versioonidega. Toode ja tarvikud PVC-vaba. Kaasa arvatud 150 cm C-t\u00fc\u00fcpi laadimiskaabel, mis on valmistatud RCS-sertifikaadiga taaskasutatud TPE-st. Pakitud FSC\u00ae mix kraft karpi. Type-C in; Sisend 5V\/2A; 9V\/2A; Juhtmeta v\u00e4ljund 5V\/1A;9V\/1.1A (10W) [&hellip;]<\/p>\n","protected":false},"featured_media":29158,"template":"","meta":{"_acf_changed":false},"product_brand":[],"product_cat":[589,647],"product_tag":[],"class_list":{"0":"post-29143","1":"product","2":"type-product","3":"status-publish","4":"has-post-thumbnail","6":"product_cat-elektroonika","7":"product_cat-juhtmevabad-laadijad","8":"pa_varv-pruun","10":"first","11":"instock","12":"taxable","13":"shipping-taxable","14":"purchasable","15":"product-type-variable","16":"has-default-attributes"},"acf":[],"_links":{"self":[{"href":"https:\/\/fifaa.ee\/en\/wp-json\/wp\/v2\/product\/29143","targetHints":{"allow":["GET"]}}],"collection":[{"href":"https:\/\/fifaa.ee\/en\/wp-json\/wp\/v2\/product"}],"about":[{"href":"https:\/\/fifaa.ee\/en\/wp-json\/wp\/v2\/types\/product"}],"wp:featuredmedia":[{"embeddable":true,"href":"https:\/\/fifaa.ee\/en\/wp-json\/wp\/v2\/media\/29158"}],"wp:attachment":[{"href":"https:\/\/fifaa.ee\/en\/wp-json\/wp\/v2\/media?parent=29143"}],"wp:term":[{"taxonomy":"product_brand","embeddable":true,"href":"https:\/\/fifaa.ee\/en\/wp-json\/wp\/v2\/product_brand?post=29143"},{"taxonomy":"product_cat","embeddable":true,"href":"https:\/\/fifaa.ee\/en\/wp-json\/wp\/v2\/product_cat?post=29143"},{"taxonomy":"product_tag","embeddable":true,"href":"https:\/\/fifaa.ee\/en\/wp-json\/wp\/v2\/product_tag?post=29143"}],"curies":[{"name":"wp","href":"https:\/\/api.w.org\/{rel}","templated":true}]}}