{"id":29144,"date":"2025-01-28T15:59:12","date_gmt":"2025-01-28T13:59:12","guid":{"rendered":"https:\/\/fifaa.ee\/?post_type=product&#038;p=29144"},"modified":"2026-04-01T16:08:06","modified_gmt":"2026-04-01T13:08:06","slug":"bambusest-15w-juhtmevaba-laadija","status":"publish","type":"product","link":"https:\/\/fifaa.ee\/en\/product\/bambusest-15w-juhtmevaba-laadija\/","title":{"rendered":"Bamboo 15W wireless charger"},"content":{"rendered":"<p>Ultra-fast 15W wireless charger with full FSC\u00ae 100% bamboo exterior. Wireless charging compatible with the latest Android generations, iPhone 8 and above. Product and accessories PVC-free. Including 150cm Type-C charging cable made of RCS-certified recycled TPE. Packed in FSC\u00ae mix kraft box. Type-C in; Input 5V\/2A; 9V\/2A;12V\/1.5A; Wireless output 5V\/1A;9V\/1.1A; 9 V \/ 1.67 A (15 W)<\/p>","protected":false},"excerpt":{"rendered":"<p>\u00dclikiire 15 W juhtmevaba laadija t\u00e4ieliku FSC\u00ae 100% bambusest v\u00e4lispinnaga. Juhtmeta laadimine \u00fchildub Androidi uusimate p\u00f5lvkondade, iPhone 8 ja uuemate versioonidega. Toode ja tarvikud PVC-vaba. Kaasa arvatud 150 cm C-t\u00fc\u00fcpi laadimiskaabel, mis on valmistatud RCS-sertifikaadiga taaskasutatud TPE-st. Pakitud FSC\u00ae mix kraft karpi. Type-C in; Sisend 5V\/2A; 9V\/2A;12V\/1,5A; Juhtmeta v\u00e4ljund 5V\/1A;9V\/1,1A; 9 V \/ 1,67 A [&hellip;]<\/p>\n","protected":false},"featured_media":29160,"template":"","meta":{"_acf_changed":false},"product_brand":[],"product_cat":[589,647],"product_tag":[],"class_list":{"0":"post-29144","1":"product","2":"type-product","3":"status-publish","4":"has-post-thumbnail","6":"product_cat-elektroonika","7":"product_cat-juhtmevabad-laadijad","8":"pa_varv-pruun","10":"first","11":"instock","12":"taxable","13":"shipping-taxable","14":"purchasable","15":"product-type-variable","16":"has-default-attributes"},"acf":[],"_links":{"self":[{"href":"https:\/\/fifaa.ee\/en\/wp-json\/wp\/v2\/product\/29144","targetHints":{"allow":["GET"]}}],"collection":[{"href":"https:\/\/fifaa.ee\/en\/wp-json\/wp\/v2\/product"}],"about":[{"href":"https:\/\/fifaa.ee\/en\/wp-json\/wp\/v2\/types\/product"}],"wp:featuredmedia":[{"embeddable":true,"href":"https:\/\/fifaa.ee\/en\/wp-json\/wp\/v2\/media\/29160"}],"wp:attachment":[{"href":"https:\/\/fifaa.ee\/en\/wp-json\/wp\/v2\/media?parent=29144"}],"wp:term":[{"taxonomy":"product_brand","embeddable":true,"href":"https:\/\/fifaa.ee\/en\/wp-json\/wp\/v2\/product_brand?post=29144"},{"taxonomy":"product_cat","embeddable":true,"href":"https:\/\/fifaa.ee\/en\/wp-json\/wp\/v2\/product_cat?post=29144"},{"taxonomy":"product_tag","embeddable":true,"href":"https:\/\/fifaa.ee\/en\/wp-json\/wp\/v2\/product_tag?post=29144"}],"curies":[{"name":"wp","href":"https:\/\/api.w.org\/{rel}","templated":true}]}}